{"id":16154,"date":"2017-01-08T10:57:16","date_gmt":"2017-01-08T08:57:16","guid":{"rendered":"http:\/\/kiour.com\/en\/?post_type=product&#038;p=16154"},"modified":"2021-06-29T14:31:01","modified_gmt":"2021-06-29T11:31:01","slug":"alan-8-multi","status":"publish","type":"product","link":"https:\/\/kiour.com\/en\/products\/marine-applications\/alan-8-multi\/","title":{"rendered":"ALAN-8 Multi &#8211; ANALOG ALARM UNIT"},"content":{"rendered":"","protected":false},"excerpt":{"rendered":"<h3><span style=\"font-size: 100%; color: #003366;\">ANALOG ALARM UNIT WITH 8 INPUTS<\/span><\/h3>\n<p>\u2022 Product Design Assessment certificate from the \u00a0American Bureau of Shipping <strong><span style=\"color: #003366;\">ABS<\/span><\/strong><\/p>\n<p>\u2022 Suitable for use in console and engine room<\/p>\n<p>\u2022 8 multi analog inputs adjusted to sensors J, K, PT100 and 0\u00f720mA, 4\u00f720mA with resolution 0\u00f72000 units<\/p>\n<p>\u2022 Up to 32 alarms, 4 for each channel<\/p>\n<p>\u2022 12 outputs can drive micro-relays, 8 LEDS, 2 groups of averages of the channels<\/p>\n<p>\u2022 Power supply output +24VDC to supply micro-relays and transmitters 4\u00f720mA<\/p>\n<p>\u2022 Time delay for each alarm \u2022 Alarm overflow and wrong connection<\/p>\n<p>\u2022 The set points can function either as an alarm or as limits supervisors<\/p>\n<p>\u2022 Possibility to invert the commands High and Low of Set Points<\/p>\n<p>\u2022 Detection of cut line or short circuit line in the temperature sensors<\/p>\n<p>\u2022 Each channel can be activated or deactivated and set or not to the average group which belongs<\/p>\n<p>\u2022 Internal relay 250VAC 10A for setting up an external alarm circuit in case of main power failure<\/p>\n<p>\u2022 One general internal relay output 250VAC 10A<\/p>\n<p>\u2022 LCD Screen of 2&#215;16 characters<\/p>\n<p>\u2022 Device can be connected to a computer for network monitoring<\/p>\n<p>\u2022 Dimensions 144x144x44mm<\/p>\n<p>\u2022 Device is mounted on a panel hole with dimensions 138&#215;138 mm<\/p>\n<p>\u2022 Connection with pluggable terminal blocks<\/p>\n<p>\u2022 Power supply 24VAC \u00b1 10% 50\/60Hz or 24VDC +30% \/-10% 50\/60Hz<\/p>\n<p>\u2022 Maximum consumption 10W<\/p>\n<p>\u2022 Operating temperature: -15\u00f770\u02daC<\/p>\n<p>\u2022 Internal power supply fast blow fuse 1A<\/p>\n<p>\u2022 Internal fast blow fuse in the outputs: 315mA<\/p>\n<p>\u2022 Internal fast blow fuse in the network\u2019s communication: 315mA<\/p>\n<p>\u2022 Class of equipment: Class II<\/p>\n<p>\u2022 Front side protection rating \u0399\u03a142<\/p>\n<p><span style=\"color: #800000;\"><strong><a style=\"color: #800000;\" href=\"https:\/\/kiour.com\/datasheets\/ALAN-8 V1.6.220517_eng.pdf\" target=\"_blank\" rel=\"noopener noreferrer\">TECHNICAL DATASHEET\u00a0ALAN-8 MULTI<\/a><\/strong><\/span><\/p>\n","protected":false},"featured_media":18470,"template":"","meta":[],"product_brand":[],"product_cat":[90],"product_tag":[250,1064,251,1062,1063,245,215,246,1066,1065,247,248,244,252,249,1061],"class_list":{"0":"post-16154","1":"product","2":"type-product","3":"status-publish","4":"has-post-thumbnail","6":"product_cat-marine-applications","7":"product_tag-0-to-20-ma","8":"product_tag-12-outputs-can-drive-micro-relays","9":"product_tag-4-to-20-ma","10":"product_tag-8-multi-analog-inputs","11":"product_tag-8-multi-analog-inputs-adjusted-to-sensors-j-k-pt100-and-020ma-420ma-with-resolution-02000-units","12":"product_tag-abs","13":"product_tag-analog-alarm-unit","14":"product_tag-analog-inputs","15":"product_tag-control-panel-for-boats","16":"product_tag-detection-of-cut-line-or-short-circuit-line-in-the-temperature-sensors","17":"product_tag-j","18":"product_tag-k","19":"product_tag-marine-certificate","20":"product_tag-power-failure","21":"product_tag-pt100","22":"product_tag-suitable-for-use-in-console-and-engine-room","24":"first","25":"instock","26":"shipping-taxable","27":"product-type-simple"},"yoast_head":"<!-- This site is optimized with the Yoast SEO plugin v26.5 - https:\/\/yoast.com\/wordpress\/plugins\/seo\/ -->\n<title>ALAN-8 Multi - ANALOG ALARM UNIT - KIOUR<\/title>\n<meta name=\"robots\" content=\"index, follow, max-snippet:-1, max-image-preview:large, max-video-preview:-1\" \/>\n<link rel=\"canonical\" href=\"https:\/\/kiour.com\/en\/products\/marine-applications\/alan-8-multi\/\" \/>\n<meta property=\"og:locale\" content=\"en_US\" \/>\n<meta property=\"og:type\" content=\"article\" \/>\n<meta property=\"og:title\" content=\"ALAN-8 Multi - ANALOG ALARM UNIT - KIOUR\" \/>\n<meta property=\"og:description\" content=\"ANALOG ALARM UNIT WITH 8 INPUTS \u2022 Product Design Assessment certificate from the \u00a0American Bureau of Shipping ABS  \u2022 Suitable for use in console and engine room  \u2022 8 multi analog inputs adjusted to sensors J, K, PT100 and 0\u00f720mA, 4\u00f720mA with resolution 0\u00f72000 units  \u2022 Up to 32 alarms, 4 for each channel  \u2022 12 outputs can drive micro-relays, 8 LEDS, 2 groups of averages of the channels  \u2022 Power supply output +24VDC to supply micro-relays and transmitters 4\u00f720mA  \u2022 Time delay for each alarm \u2022 Alarm overflow and wrong connection  \u2022 The set points can function either as an alarm or as limits supervisors  \u2022 Possibility to invert the commands High and Low of Set Points  \u2022 Detection of cut line or short circuit line in the temperature sensors  \u2022 Each channel can be activated or deactivated and set or not to the average group which belongs  \u2022 Internal relay 250VAC 10A for setting up an external alarm circuit in case of main power failure  \u2022 One general internal relay output 250VAC 10A  \u2022 LCD Screen of 2x16 characters  \u2022 Device can be connected to a computer for network monitoring  \u2022 Dimensions 144x144x44mm  \u2022 Device is mounted on a panel hole with dimensions 138x138 mm  \u2022 Connection with pluggable terminal blocks  \u2022 Power supply 24VAC \u00b1 10% 50\/60Hz or 24VDC +30% \/-10% 50\/60Hz  \u2022 Maximum consumption 10W  \u2022 Operating temperature: -15\u00f770\u02daC  \u2022 Internal power supply fast blow fuse 1A  \u2022 Internal fast blow fuse in the outputs: 315mA  \u2022 Internal fast blow fuse in the network\u2019s communication: 315mA  \u2022 Class of equipment: Class II  \u2022 Front side protection rating \u0399\u03a142  TECHNICAL DATASHEET\u00a0ALAN-8 MULTI\" \/>\n<meta property=\"og:url\" content=\"https:\/\/kiour.com\/en\/products\/marine-applications\/alan-8-multi\/\" \/>\n<meta property=\"og:site_name\" content=\"KIOUR\" \/>\n<meta property=\"article:publisher\" content=\"https:\/\/www.facebook.com\/profile.php?id=100054511747680\" \/>\n<meta property=\"article:modified_time\" content=\"2021-06-29T11:31:01+00:00\" \/>\n<meta property=\"og:image\" content=\"https:\/\/kiour.com\/wp-content\/uploads\/2020\/05\/\u0391\u039d\u0391\u039b\u039f\u0393\u0399\u039a\u0397-\u039c\u039f\u039d\u0391\u0394\u0391-ALARM-\u2013-ALAN-8-Multi.jpg\" \/>\n\t<meta property=\"og:image:width\" content=\"800\" \/>\n\t<meta property=\"og:image:height\" content=\"600\" \/>\n\t<meta property=\"og:image:type\" content=\"image\/jpeg\" \/>\n<meta name=\"twitter:card\" content=\"summary_large_image\" \/>\n<script type=\"application\/ld+json\" class=\"yoast-schema-graph\">{\"@context\":\"https:\/\/schema.org\",\"@graph\":[{\"@type\":\"WebPage\",\"@id\":\"https:\/\/kiour.com\/en\/products\/marine-applications\/alan-8-multi\/\",\"url\":\"https:\/\/kiour.com\/en\/products\/marine-applications\/alan-8-multi\/\",\"name\":\"ALAN-8 Multi - ANALOG ALARM UNIT - KIOUR\",\"isPartOf\":{\"@id\":\"https:\/\/kiour.com\/#website\"},\"primaryImageOfPage\":{\"@id\":\"https:\/\/kiour.com\/en\/products\/marine-applications\/alan-8-multi\/#primaryimage\"},\"image\":{\"@id\":\"https:\/\/kiour.com\/en\/products\/marine-applications\/alan-8-multi\/#primaryimage\"},\"thumbnailUrl\":\"https:\/\/kiour.com\/wp-content\/uploads\/2020\/05\/\u0391\u039d\u0391\u039b\u039f\u0393\u0399\u039a\u0397-\u039c\u039f\u039d\u0391\u0394\u0391-ALARM-\u2013-ALAN-8-Multi.jpg\",\"datePublished\":\"2017-01-08T08:57:16+00:00\",\"dateModified\":\"2021-06-29T11:31:01+00:00\",\"breadcrumb\":{\"@id\":\"https:\/\/kiour.com\/en\/products\/marine-applications\/alan-8-multi\/#breadcrumb\"},\"inLanguage\":\"en-US\",\"potentialAction\":[{\"@type\":\"ReadAction\",\"target\":[\"https:\/\/kiour.com\/en\/products\/marine-applications\/alan-8-multi\/\"]}]},{\"@type\":\"ImageObject\",\"inLanguage\":\"en-US\",\"@id\":\"https:\/\/kiour.com\/en\/products\/marine-applications\/alan-8-multi\/#primaryimage\",\"url\":\"https:\/\/kiour.com\/wp-content\/uploads\/2020\/05\/\u0391\u039d\u0391\u039b\u039f\u0393\u0399\u039a\u0397-\u039c\u039f\u039d\u0391\u0394\u0391-ALARM-\u2013-ALAN-8-Multi.jpg\",\"contentUrl\":\"https:\/\/kiour.com\/wp-content\/uploads\/2020\/05\/\u0391\u039d\u0391\u039b\u039f\u0393\u0399\u039a\u0397-\u039c\u039f\u039d\u0391\u0394\u0391-ALARM-\u2013-ALAN-8-Multi.jpg\",\"width\":800,\"height\":600,\"caption\":\"ANALOG ALARM UNIT ALAN-8 Multi\"},{\"@type\":\"BreadcrumbList\",\"@id\":\"https:\/\/kiour.com\/en\/products\/marine-applications\/alan-8-multi\/#breadcrumb\",\"itemListElement\":[{\"@type\":\"ListItem\",\"position\":1,\"name\":\"Home\",\"item\":\"https:\/\/kiour.com\/en\/\"},{\"@type\":\"ListItem\",\"position\":2,\"name\":\"Products\",\"item\":\"https:\/\/kiour.com\/en\/products\/\"},{\"@type\":\"ListItem\",\"position\":3,\"name\":\"ALAN-8 Multi &#8211; ANALOG ALARM UNIT\"}]},{\"@type\":\"WebSite\",\"@id\":\"https:\/\/kiour.com\/#website\",\"url\":\"https:\/\/kiour.com\/\",\"name\":\"KIOUR\",\"description\":\"\u0399ndustrial and Marine Electronic Instruments and Control Systems\",\"publisher\":{\"@id\":\"https:\/\/kiour.com\/#organization\"},\"potentialAction\":[{\"@type\":\"SearchAction\",\"target\":{\"@type\":\"EntryPoint\",\"urlTemplate\":\"https:\/\/kiour.com\/?s={search_term_string}\"},\"query-input\":{\"@type\":\"PropertyValueSpecification\",\"valueRequired\":true,\"valueName\":\"search_term_string\"}}],\"inLanguage\":\"en-US\"},{\"@type\":\"Organization\",\"@id\":\"https:\/\/kiour.com\/#organization\",\"name\":\"KIOUR\",\"url\":\"https:\/\/kiour.com\/\",\"logo\":{\"@type\":\"ImageObject\",\"inLanguage\":\"en-US\",\"@id\":\"https:\/\/kiour.com\/#\/schema\/logo\/image\/\",\"url\":\"https:\/\/kiour.com\/wp-content\/uploads\/2017\/09\/kiour_nlogo.png\",\"contentUrl\":\"https:\/\/kiour.com\/wp-content\/uploads\/2017\/09\/kiour_nlogo.png\",\"width\":500,\"height\":107,\"caption\":\"KIOUR\"},\"image\":{\"@id\":\"https:\/\/kiour.com\/#\/schema\/logo\/image\/\"},\"sameAs\":[\"https:\/\/www.facebook.com\/profile.php?id=100054511747680\"]}]}<\/script>\n<!-- \/ Yoast SEO plugin. -->","yoast_head_json":{"title":"ALAN-8 Multi - ANALOG ALARM UNIT - KIOUR","robots":{"index":"index","follow":"follow","max-snippet":"max-snippet:-1","max-image-preview":"max-image-preview:large","max-video-preview":"max-video-preview:-1"},"canonical":"https:\/\/kiour.com\/en\/products\/marine-applications\/alan-8-multi\/","og_locale":"en_US","og_type":"article","og_title":"ALAN-8 Multi - ANALOG ALARM UNIT - KIOUR","og_description":"ANALOG ALARM UNIT WITH 8 INPUTS \u2022 Product Design Assessment certificate from the \u00a0American Bureau of Shipping ABS  \u2022 Suitable for use in console and engine room  \u2022 8 multi analog inputs adjusted to sensors J, K, PT100 and 0\u00f720mA, 4\u00f720mA with resolution 0\u00f72000 units  \u2022 Up to 32 alarms, 4 for each channel  \u2022 12 outputs can drive micro-relays, 8 LEDS, 2 groups of averages of the channels  \u2022 Power supply output +24VDC to supply micro-relays and transmitters 4\u00f720mA  \u2022 Time delay for each alarm \u2022 Alarm overflow and wrong connection  \u2022 The set points can function either as an alarm or as limits supervisors  \u2022 Possibility to invert the commands High and Low of Set Points  \u2022 Detection of cut line or short circuit line in the temperature sensors  \u2022 Each channel can be activated or deactivated and set or not to the average group which belongs  \u2022 Internal relay 250VAC 10A for setting up an external alarm circuit in case of main power failure  \u2022 One general internal relay output 250VAC 10A  \u2022 LCD Screen of 2x16 characters  \u2022 Device can be connected to a computer for network monitoring  \u2022 Dimensions 144x144x44mm  \u2022 Device is mounted on a panel hole with dimensions 138x138 mm  \u2022 Connection with pluggable terminal blocks  \u2022 Power supply 24VAC \u00b1 10% 50\/60Hz or 24VDC +30% \/-10% 50\/60Hz  \u2022 Maximum consumption 10W  \u2022 Operating temperature: -15\u00f770\u02daC  \u2022 Internal power supply fast blow fuse 1A  \u2022 Internal fast blow fuse in the outputs: 315mA  \u2022 Internal fast blow fuse in the network\u2019s communication: 315mA  \u2022 Class of equipment: Class II  \u2022 Front side protection rating \u0399\u03a142  TECHNICAL DATASHEET\u00a0ALAN-8 MULTI","og_url":"https:\/\/kiour.com\/en\/products\/marine-applications\/alan-8-multi\/","og_site_name":"KIOUR","article_publisher":"https:\/\/www.facebook.com\/profile.php?id=100054511747680","article_modified_time":"2021-06-29T11:31:01+00:00","og_image":[{"width":800,"height":600,"url":"https:\/\/kiour.com\/wp-content\/uploads\/2020\/05\/\u0391\u039d\u0391\u039b\u039f\u0393\u0399\u039a\u0397-\u039c\u039f\u039d\u0391\u0394\u0391-ALARM-\u2013-ALAN-8-Multi.jpg","type":"image\/jpeg"}],"twitter_card":"summary_large_image","schema":{"@context":"https:\/\/schema.org","@graph":[{"@type":"WebPage","@id":"https:\/\/kiour.com\/en\/products\/marine-applications\/alan-8-multi\/","url":"https:\/\/kiour.com\/en\/products\/marine-applications\/alan-8-multi\/","name":"ALAN-8 Multi - ANALOG ALARM UNIT - KIOUR","isPartOf":{"@id":"https:\/\/kiour.com\/#website"},"primaryImageOfPage":{"@id":"https:\/\/kiour.com\/en\/products\/marine-applications\/alan-8-multi\/#primaryimage"},"image":{"@id":"https:\/\/kiour.com\/en\/products\/marine-applications\/alan-8-multi\/#primaryimage"},"thumbnailUrl":"https:\/\/kiour.com\/wp-content\/uploads\/2020\/05\/\u0391\u039d\u0391\u039b\u039f\u0393\u0399\u039a\u0397-\u039c\u039f\u039d\u0391\u0394\u0391-ALARM-\u2013-ALAN-8-Multi.jpg","datePublished":"2017-01-08T08:57:16+00:00","dateModified":"2021-06-29T11:31:01+00:00","breadcrumb":{"@id":"https:\/\/kiour.com\/en\/products\/marine-applications\/alan-8-multi\/#breadcrumb"},"inLanguage":"en-US","potentialAction":[{"@type":"ReadAction","target":["https:\/\/kiour.com\/en\/products\/marine-applications\/alan-8-multi\/"]}]},{"@type":"ImageObject","inLanguage":"en-US","@id":"https:\/\/kiour.com\/en\/products\/marine-applications\/alan-8-multi\/#primaryimage","url":"https:\/\/kiour.com\/wp-content\/uploads\/2020\/05\/\u0391\u039d\u0391\u039b\u039f\u0393\u0399\u039a\u0397-\u039c\u039f\u039d\u0391\u0394\u0391-ALARM-\u2013-ALAN-8-Multi.jpg","contentUrl":"https:\/\/kiour.com\/wp-content\/uploads\/2020\/05\/\u0391\u039d\u0391\u039b\u039f\u0393\u0399\u039a\u0397-\u039c\u039f\u039d\u0391\u0394\u0391-ALARM-\u2013-ALAN-8-Multi.jpg","width":800,"height":600,"caption":"ANALOG ALARM UNIT ALAN-8 Multi"},{"@type":"BreadcrumbList","@id":"https:\/\/kiour.com\/en\/products\/marine-applications\/alan-8-multi\/#breadcrumb","itemListElement":[{"@type":"ListItem","position":1,"name":"Home","item":"https:\/\/kiour.com\/en\/"},{"@type":"ListItem","position":2,"name":"Products","item":"https:\/\/kiour.com\/en\/products\/"},{"@type":"ListItem","position":3,"name":"ALAN-8 Multi &#8211; ANALOG ALARM UNIT"}]},{"@type":"WebSite","@id":"https:\/\/kiour.com\/#website","url":"https:\/\/kiour.com\/","name":"KIOUR","description":"\u0399ndustrial and Marine Electronic Instruments and Control Systems","publisher":{"@id":"https:\/\/kiour.com\/#organization"},"potentialAction":[{"@type":"SearchAction","target":{"@type":"EntryPoint","urlTemplate":"https:\/\/kiour.com\/?s={search_term_string}"},"query-input":{"@type":"PropertyValueSpecification","valueRequired":true,"valueName":"search_term_string"}}],"inLanguage":"en-US"},{"@type":"Organization","@id":"https:\/\/kiour.com\/#organization","name":"KIOUR","url":"https:\/\/kiour.com\/","logo":{"@type":"ImageObject","inLanguage":"en-US","@id":"https:\/\/kiour.com\/#\/schema\/logo\/image\/","url":"https:\/\/kiour.com\/wp-content\/uploads\/2017\/09\/kiour_nlogo.png","contentUrl":"https:\/\/kiour.com\/wp-content\/uploads\/2017\/09\/kiour_nlogo.png","width":500,"height":107,"caption":"KIOUR"},"image":{"@id":"https:\/\/kiour.com\/#\/schema\/logo\/image\/"},"sameAs":["https:\/\/www.facebook.com\/profile.php?id=100054511747680"]}]}},"_links":{"self":[{"href":"https:\/\/kiour.com\/en\/wp-json\/wp\/v2\/product\/16154","targetHints":{"allow":["GET"]}}],"collection":[{"href":"https:\/\/kiour.com\/en\/wp-json\/wp\/v2\/product"}],"about":[{"href":"https:\/\/kiour.com\/en\/wp-json\/wp\/v2\/types\/product"}],"wp:featuredmedia":[{"embeddable":true,"href":"https:\/\/kiour.com\/en\/wp-json\/wp\/v2\/media\/18470"}],"wp:attachment":[{"href":"https:\/\/kiour.com\/en\/wp-json\/wp\/v2\/media?parent=16154"}],"wp:term":[{"taxonomy":"product_brand","embeddable":true,"href":"https:\/\/kiour.com\/en\/wp-json\/wp\/v2\/product_brand?post=16154"},{"taxonomy":"product_cat","embeddable":true,"href":"https:\/\/kiour.com\/en\/wp-json\/wp\/v2\/product_cat?post=16154"},{"taxonomy":"product_tag","embeddable":true,"href":"https:\/\/kiour.com\/en\/wp-json\/wp\/v2\/product_tag?post=16154"}],"curies":[{"name":"wp","href":"https:\/\/api.w.org\/{rel}","templated":true}]}}