{"id":16175,"date":"2016-02-03T09:22:49","date_gmt":"2016-02-03T07:22:49","guid":{"rendered":"http:\/\/kiour.com\/en\/products\/uncategorized\/%ce%b8%ce%b5%cf%81%ce%bc%ce%bf%cf%83%cf%84%ce%b1%cf%84%ce%b7%cf%83-hi-con1-%ce%b3%ce%b9%ce%b1-j-k-pt100-0%c3%b720ma-4%c3%b720ma\/"},"modified":"2022-03-08T09:37:58","modified_gmt":"2022-03-08T07:37:58","slug":"hi-con1","status":"publish","type":"product","link":"https:\/\/kiour.com\/en\/products\/controllers-for-high-temperature\/panel-high-temperature-controllers\/hi-con1\/","title":{"rendered":"HI-CON1 &#8211; HIGH TEMPERATURE CONTROLLER"},"content":{"rendered":"","protected":false},"excerpt":{"rendered":"<h3><span style=\"font-size: 95%; color: #003366;\">HIGH TERMPERATURE CONTROLLER HI-CON1<\/span><\/h3>\n<p>\u2022 A multiple input which accepts signals from sensor types <span style=\"color: #000000;\"><strong>J, K, PT100<\/strong><\/span> (2 or 3 cables) or <span style=\"color: #282828;\"><strong>0\u00f720mA, 4\u00f720mA<\/strong><\/span>.The controller analyses 0\u00f720mA, 4\u00f720mA signals to 2000 units<\/p>\n<p>\u2022 Cooling \u2013 Heating function, levels supervision, dead area control, PID or ON\/OFF<\/p>\n<p>\u2022 Two relays 250VAC 10A<\/p>\n<p>\u2022 Dimensions 45\u00d745\u00d776mm<\/p>\n<p>\u2022 Power supply 230 VAC or 24 VAC\/DC or 12 VAC\/DC \u00b1 10% 3W<\/p>\n<p>\u2022 The device is mounted on a panel hole with dimensions 46\u00d746 mm<\/p>\n<p>\u2022 Connection with pluggable terminal blocks<\/p>\n<p>\u2022 IP protection rating: IP65 front side<\/p>\n<p>&nbsp;<\/p>\n<p><span style=\"color: #800000;\"><strong><a style=\"color: #800000;\" href=\"https:\/\/kiour.com\/datasheets\/HI-CON1 230VAC_eng.pdf\" target=\"_blank\" rel=\"noopener noreferrer\">TECHNICAL DATASHEET\u00a0HI-CON1 230VAC<\/a><\/strong><\/span><\/p>\n<p><span style=\"color: #800000;\"><strong><a style=\"color: #800000;\" href=\"https:\/\/kiour.com\/datasheets\/HI-CON1 24VACDC_eng.pdf\" target=\"_blank\" rel=\"noopener noreferrer\">TECHNICAL DATASHEET HI-CON1 24VAC\/DC<\/a><\/strong><\/span><\/p>\n<p><span style=\"color: #800000;\"><strong><a style=\"color: #800000;\" href=\"https:\/\/kiour.com\/datasheets\/HI-CON1 12VACDC_eng.pdf\" target=\"_blank\" rel=\"noopener noreferrer\">TECHNICAL DATASHEET HI-CON1 12VAC\/DC<\/a><\/strong><\/span><\/p>\n","protected":false},"featured_media":18750,"template":"","meta":[],"product_brand":[],"product_cat":[79,919],"product_tag":[637,638,636,464,466,1097,506,1098,248,465,635,249,634,845,432],"class_list":{"0":"post-16175","1":"product","2":"type-product","3":"status-publish","4":"has-post-thumbnail","6":"product_cat-controllers-for-high-temperature","7":"product_cat-panel-high-temperature-controllers","8":"product_tag-020ma-en","9":"product_tag-420ma-en","10":"product_tag-controller-analyses-020ma-420ma-signals-to-2000-units","11":"product_tag-cooling-heating-function","12":"product_tag-dead-area-control","13":"product_tag-electric-steam-hot-water-tank","14":"product_tag-heating-controller-en","15":"product_tag-hot-water-tank","16":"product_tag-k","17":"product_tag-levels-supervision","18":"product_tag-pid-or-on-off","19":"product_tag-pt100","20":"product_tag-termperature-controller-for-j","21":"product_tag--en","22":"product_tag---en","24":"first","25":"instock","26":"shipping-taxable","27":"product-type-simple"},"yoast_head":"<!-- This site is optimized with the Yoast SEO plugin v26.5 - https:\/\/yoast.com\/wordpress\/plugins\/seo\/ -->\n<title>HI-CON1 - HIGH TEMPERATURE CONTROLLER - KIOUR<\/title>\n<meta name=\"robots\" content=\"index, follow, max-snippet:-1, max-image-preview:large, max-video-preview:-1\" \/>\n<link rel=\"canonical\" href=\"https:\/\/kiour.com\/en\/products\/controllers-for-high-temperature\/panel-high-temperature-controllers\/hi-con1\/\" \/>\n<meta property=\"og:locale\" content=\"en_US\" \/>\n<meta property=\"og:type\" content=\"article\" \/>\n<meta property=\"og:title\" content=\"HI-CON1 - HIGH TEMPERATURE CONTROLLER - KIOUR\" \/>\n<meta property=\"og:description\" content=\"HIGH TERMPERATURE CONTROLLER HI-CON1 \u2022 A multiple input which accepts signals from sensor types J, K, PT100 (2 or 3 cables) or 0\u00f720mA, 4\u00f720mA.The controller analyses 0\u00f720mA, 4\u00f720mA signals to 2000 units  \u2022 Cooling \u2013 Heating function, levels supervision, dead area control, PID or ON\/OFF  \u2022 Two relays 250VAC 10A  \u2022 Dimensions 45\u00d745\u00d776mm  \u2022 Power supply 230 VAC or 24 VAC\/DC or 12 VAC\/DC \u00b1 10% 3W  \u2022 The device is mounted on a panel hole with dimensions 46\u00d746 mm  \u2022 Connection with pluggable terminal blocks  \u2022 IP protection rating: IP65 front side  &nbsp;  TECHNICAL DATASHEET\u00a0HI-CON1 230VAC  TECHNICAL DATASHEET HI-CON1 24VAC\/DC  TECHNICAL DATASHEET HI-CON1 12VAC\/DC\" \/>\n<meta property=\"og:url\" content=\"https:\/\/kiour.com\/en\/products\/controllers-for-high-temperature\/panel-high-temperature-controllers\/hi-con1\/\" \/>\n<meta property=\"og:site_name\" content=\"KIOUR\" \/>\n<meta property=\"article:publisher\" content=\"https:\/\/www.facebook.com\/profile.php?id=100054511747680\" \/>\n<meta property=\"article:modified_time\" content=\"2022-03-08T07:37:58+00:00\" \/>\n<meta property=\"og:image\" content=\"https:\/\/kiour.com\/wp-content\/uploads\/2020\/11\/ELEGKTIS-THERMOKRASIAS-HI-CON1.jpg\" \/>\n\t<meta property=\"og:image:width\" content=\"800\" \/>\n\t<meta property=\"og:image:height\" content=\"600\" \/>\n\t<meta property=\"og:image:type\" content=\"image\/jpeg\" \/>\n<meta name=\"twitter:card\" content=\"summary_large_image\" \/>\n<script type=\"application\/ld+json\" class=\"yoast-schema-graph\">{\"@context\":\"https:\/\/schema.org\",\"@graph\":[{\"@type\":\"WebPage\",\"@id\":\"https:\/\/kiour.com\/en\/products\/controllers-for-high-temperature\/panel-high-temperature-controllers\/hi-con1\/\",\"url\":\"https:\/\/kiour.com\/en\/products\/controllers-for-high-temperature\/panel-high-temperature-controllers\/hi-con1\/\",\"name\":\"HI-CON1 - HIGH TEMPERATURE CONTROLLER - KIOUR\",\"isPartOf\":{\"@id\":\"https:\/\/kiour.com\/#website\"},\"primaryImageOfPage\":{\"@id\":\"https:\/\/kiour.com\/en\/products\/controllers-for-high-temperature\/panel-high-temperature-controllers\/hi-con1\/#primaryimage\"},\"image\":{\"@id\":\"https:\/\/kiour.com\/en\/products\/controllers-for-high-temperature\/panel-high-temperature-controllers\/hi-con1\/#primaryimage\"},\"thumbnailUrl\":\"https:\/\/kiour.com\/wp-content\/uploads\/2020\/11\/ELEGKTIS-THERMOKRASIAS-HI-CON1.jpg\",\"datePublished\":\"2016-02-03T07:22:49+00:00\",\"dateModified\":\"2022-03-08T07:37:58+00:00\",\"breadcrumb\":{\"@id\":\"https:\/\/kiour.com\/en\/products\/controllers-for-high-temperature\/panel-high-temperature-controllers\/hi-con1\/#breadcrumb\"},\"inLanguage\":\"en-US\",\"potentialAction\":[{\"@type\":\"ReadAction\",\"target\":[\"https:\/\/kiour.com\/en\/products\/controllers-for-high-temperature\/panel-high-temperature-controllers\/hi-con1\/\"]}]},{\"@type\":\"ImageObject\",\"inLanguage\":\"en-US\",\"@id\":\"https:\/\/kiour.com\/en\/products\/controllers-for-high-temperature\/panel-high-temperature-controllers\/hi-con1\/#primaryimage\",\"url\":\"https:\/\/kiour.com\/wp-content\/uploads\/2020\/11\/ELEGKTIS-THERMOKRASIAS-HI-CON1.jpg\",\"contentUrl\":\"https:\/\/kiour.com\/wp-content\/uploads\/2020\/11\/ELEGKTIS-THERMOKRASIAS-HI-CON1.jpg\",\"width\":800,\"height\":600,\"caption\":\"ELEGKTIS-THERMOKRASIAS-HI-CON1\"},{\"@type\":\"BreadcrumbList\",\"@id\":\"https:\/\/kiour.com\/en\/products\/controllers-for-high-temperature\/panel-high-temperature-controllers\/hi-con1\/#breadcrumb\",\"itemListElement\":[{\"@type\":\"ListItem\",\"position\":1,\"name\":\"Home\",\"item\":\"https:\/\/kiour.com\/en\/\"},{\"@type\":\"ListItem\",\"position\":2,\"name\":\"Products\",\"item\":\"https:\/\/kiour.com\/en\/products\/\"},{\"@type\":\"ListItem\",\"position\":3,\"name\":\"HI-CON1 &#8211; HIGH TEMPERATURE CONTROLLER\"}]},{\"@type\":\"WebSite\",\"@id\":\"https:\/\/kiour.com\/#website\",\"url\":\"https:\/\/kiour.com\/\",\"name\":\"KIOUR\",\"description\":\"\u0399ndustrial and Marine Electronic Instruments and Control Systems\",\"publisher\":{\"@id\":\"https:\/\/kiour.com\/#organization\"},\"potentialAction\":[{\"@type\":\"SearchAction\",\"target\":{\"@type\":\"EntryPoint\",\"urlTemplate\":\"https:\/\/kiour.com\/?s={search_term_string}\"},\"query-input\":{\"@type\":\"PropertyValueSpecification\",\"valueRequired\":true,\"valueName\":\"search_term_string\"}}],\"inLanguage\":\"en-US\"},{\"@type\":\"Organization\",\"@id\":\"https:\/\/kiour.com\/#organization\",\"name\":\"KIOUR\",\"url\":\"https:\/\/kiour.com\/\",\"logo\":{\"@type\":\"ImageObject\",\"inLanguage\":\"en-US\",\"@id\":\"https:\/\/kiour.com\/#\/schema\/logo\/image\/\",\"url\":\"https:\/\/kiour.com\/wp-content\/uploads\/2017\/09\/kiour_nlogo.png\",\"contentUrl\":\"https:\/\/kiour.com\/wp-content\/uploads\/2017\/09\/kiour_nlogo.png\",\"width\":500,\"height\":107,\"caption\":\"KIOUR\"},\"image\":{\"@id\":\"https:\/\/kiour.com\/#\/schema\/logo\/image\/\"},\"sameAs\":[\"https:\/\/www.facebook.com\/profile.php?id=100054511747680\"]}]}<\/script>\n<!-- \/ Yoast SEO plugin. -->","yoast_head_json":{"title":"HI-CON1 - HIGH TEMPERATURE CONTROLLER - KIOUR","robots":{"index":"index","follow":"follow","max-snippet":"max-snippet:-1","max-image-preview":"max-image-preview:large","max-video-preview":"max-video-preview:-1"},"canonical":"https:\/\/kiour.com\/en\/products\/controllers-for-high-temperature\/panel-high-temperature-controllers\/hi-con1\/","og_locale":"en_US","og_type":"article","og_title":"HI-CON1 - HIGH TEMPERATURE CONTROLLER - KIOUR","og_description":"HIGH TERMPERATURE CONTROLLER HI-CON1 \u2022 A multiple input which accepts signals from sensor types J, K, PT100 (2 or 3 cables) or 0\u00f720mA, 4\u00f720mA.The controller analyses 0\u00f720mA, 4\u00f720mA signals to 2000 units  \u2022 Cooling \u2013 Heating function, levels supervision, dead area control, PID or ON\/OFF  \u2022 Two relays 250VAC 10A  \u2022 Dimensions 45\u00d745\u00d776mm  \u2022 Power supply 230 VAC or 24 VAC\/DC or 12 VAC\/DC \u00b1 10% 3W  \u2022 The device is mounted on a panel hole with dimensions 46\u00d746 mm  \u2022 Connection with pluggable terminal blocks  \u2022 IP protection rating: IP65 front side  &nbsp;  TECHNICAL DATASHEET\u00a0HI-CON1 230VAC  TECHNICAL DATASHEET HI-CON1 24VAC\/DC  TECHNICAL DATASHEET HI-CON1 12VAC\/DC","og_url":"https:\/\/kiour.com\/en\/products\/controllers-for-high-temperature\/panel-high-temperature-controllers\/hi-con1\/","og_site_name":"KIOUR","article_publisher":"https:\/\/www.facebook.com\/profile.php?id=100054511747680","article_modified_time":"2022-03-08T07:37:58+00:00","og_image":[{"width":800,"height":600,"url":"https:\/\/kiour.com\/wp-content\/uploads\/2020\/11\/ELEGKTIS-THERMOKRASIAS-HI-CON1.jpg","type":"image\/jpeg"}],"twitter_card":"summary_large_image","schema":{"@context":"https:\/\/schema.org","@graph":[{"@type":"WebPage","@id":"https:\/\/kiour.com\/en\/products\/controllers-for-high-temperature\/panel-high-temperature-controllers\/hi-con1\/","url":"https:\/\/kiour.com\/en\/products\/controllers-for-high-temperature\/panel-high-temperature-controllers\/hi-con1\/","name":"HI-CON1 - HIGH TEMPERATURE CONTROLLER - KIOUR","isPartOf":{"@id":"https:\/\/kiour.com\/#website"},"primaryImageOfPage":{"@id":"https:\/\/kiour.com\/en\/products\/controllers-for-high-temperature\/panel-high-temperature-controllers\/hi-con1\/#primaryimage"},"image":{"@id":"https:\/\/kiour.com\/en\/products\/controllers-for-high-temperature\/panel-high-temperature-controllers\/hi-con1\/#primaryimage"},"thumbnailUrl":"https:\/\/kiour.com\/wp-content\/uploads\/2020\/11\/ELEGKTIS-THERMOKRASIAS-HI-CON1.jpg","datePublished":"2016-02-03T07:22:49+00:00","dateModified":"2022-03-08T07:37:58+00:00","breadcrumb":{"@id":"https:\/\/kiour.com\/en\/products\/controllers-for-high-temperature\/panel-high-temperature-controllers\/hi-con1\/#breadcrumb"},"inLanguage":"en-US","potentialAction":[{"@type":"ReadAction","target":["https:\/\/kiour.com\/en\/products\/controllers-for-high-temperature\/panel-high-temperature-controllers\/hi-con1\/"]}]},{"@type":"ImageObject","inLanguage":"en-US","@id":"https:\/\/kiour.com\/en\/products\/controllers-for-high-temperature\/panel-high-temperature-controllers\/hi-con1\/#primaryimage","url":"https:\/\/kiour.com\/wp-content\/uploads\/2020\/11\/ELEGKTIS-THERMOKRASIAS-HI-CON1.jpg","contentUrl":"https:\/\/kiour.com\/wp-content\/uploads\/2020\/11\/ELEGKTIS-THERMOKRASIAS-HI-CON1.jpg","width":800,"height":600,"caption":"ELEGKTIS-THERMOKRASIAS-HI-CON1"},{"@type":"BreadcrumbList","@id":"https:\/\/kiour.com\/en\/products\/controllers-for-high-temperature\/panel-high-temperature-controllers\/hi-con1\/#breadcrumb","itemListElement":[{"@type":"ListItem","position":1,"name":"Home","item":"https:\/\/kiour.com\/en\/"},{"@type":"ListItem","position":2,"name":"Products","item":"https:\/\/kiour.com\/en\/products\/"},{"@type":"ListItem","position":3,"name":"HI-CON1 &#8211; HIGH TEMPERATURE CONTROLLER"}]},{"@type":"WebSite","@id":"https:\/\/kiour.com\/#website","url":"https:\/\/kiour.com\/","name":"KIOUR","description":"\u0399ndustrial and Marine Electronic Instruments and Control Systems","publisher":{"@id":"https:\/\/kiour.com\/#organization"},"potentialAction":[{"@type":"SearchAction","target":{"@type":"EntryPoint","urlTemplate":"https:\/\/kiour.com\/?s={search_term_string}"},"query-input":{"@type":"PropertyValueSpecification","valueRequired":true,"valueName":"search_term_string"}}],"inLanguage":"en-US"},{"@type":"Organization","@id":"https:\/\/kiour.com\/#organization","name":"KIOUR","url":"https:\/\/kiour.com\/","logo":{"@type":"ImageObject","inLanguage":"en-US","@id":"https:\/\/kiour.com\/#\/schema\/logo\/image\/","url":"https:\/\/kiour.com\/wp-content\/uploads\/2017\/09\/kiour_nlogo.png","contentUrl":"https:\/\/kiour.com\/wp-content\/uploads\/2017\/09\/kiour_nlogo.png","width":500,"height":107,"caption":"KIOUR"},"image":{"@id":"https:\/\/kiour.com\/#\/schema\/logo\/image\/"},"sameAs":["https:\/\/www.facebook.com\/profile.php?id=100054511747680"]}]}},"_links":{"self":[{"href":"https:\/\/kiour.com\/en\/wp-json\/wp\/v2\/product\/16175","targetHints":{"allow":["GET"]}}],"collection":[{"href":"https:\/\/kiour.com\/en\/wp-json\/wp\/v2\/product"}],"about":[{"href":"https:\/\/kiour.com\/en\/wp-json\/wp\/v2\/types\/product"}],"wp:featuredmedia":[{"embeddable":true,"href":"https:\/\/kiour.com\/en\/wp-json\/wp\/v2\/media\/18750"}],"wp:attachment":[{"href":"https:\/\/kiour.com\/en\/wp-json\/wp\/v2\/media?parent=16175"}],"wp:term":[{"taxonomy":"product_brand","embeddable":true,"href":"https:\/\/kiour.com\/en\/wp-json\/wp\/v2\/product_brand?post=16175"},{"taxonomy":"product_cat","embeddable":true,"href":"https:\/\/kiour.com\/en\/wp-json\/wp\/v2\/product_cat?post=16175"},{"taxonomy":"product_tag","embeddable":true,"href":"https:\/\/kiour.com\/en\/wp-json\/wp\/v2\/product_tag?post=16175"}],"curies":[{"name":"wp","href":"https:\/\/api.w.org\/{rel}","templated":true}]}}