{"id":16185,"date":"2017-01-04T15:50:05","date_gmt":"2017-01-04T13:50:05","guid":{"rendered":"http:\/\/kiour.com\/en\/products\/uncategorized\/converter-mic-va-4%c3%b720ma\/"},"modified":"2021-06-29T14:47:01","modified_gmt":"2021-06-29T11:47:01","slug":"mic-va-4-20ma","status":"publish","type":"product","link":"https:\/\/kiour.com\/en\/products\/marine-applications\/mic-va-4-20ma\/","title":{"rendered":"MIC-VA &#8211; CONVERTER 4\u00f720mA to 0\u00f7760 UNITS"},"content":{"rendered":"","protected":false},"excerpt":{"rendered":"<h3><span style=\"font-size: 95%; color: #003366;\">MIC-VA CONVERTER 4\u00f720mA to 0\u00f7760 UNITS<\/span><\/h3>\n<p>\u2022 Accepts an input signal 4\u00f720mA and corresponds it to\u00a00\u00f7760 units<\/p>\n<p>\u2022 Cooling-heating function, levels supervision,\u00a0dead area control, PID or ON\/OFF<\/p>\n<p>\u2022 2 relays 250VAC 10A,\u00a0the second relay operates only in ON\/OFF situation<\/p>\n<p>\u2022 Dimensions 28x70x75mm<\/p>\n<p>\u2022 Device is mounted on a panel hole with dimensions 29x71mm<\/p>\n<p>\u2022 Connection with\u00a0pluggable terminal blocks<\/p>\n<p>\u2022 Power supply 230VAC or 24VAC\/DC or 12VAC\/DC \u00b1 10% 50\/60Hz 3W<\/p>\n<p>\u2022 IP\u00a0protection rating: IP65 front side<\/p>\n<p>&nbsp;<\/p>\n<p><strong><span style=\"color: #800000;\"><a style=\"color: #800000;\" href=\"https:\/\/kiour.com\/datasheets\/MIC-VA 420mA 230VAC_gr &amp; eng.pdf\" target=\"_blank\" rel=\"noopener noreferrer\">TECHNICAL DATASHEET MIC-VA\u00a04\u00f720mA 230VAC<\/a><\/span><\/strong><\/p>\n<p><strong><span style=\"color: #800000;\"><a style=\"color: #800000;\" href=\"https:\/\/kiour.com\/datasheets\/MIC-VA 420mA 24VACDC_gr &amp; eng.pdf\" target=\"_blank\" rel=\"noopener noreferrer\">TECHNICAL DATASHEET MIC-VA\u00a04\u00f720mA\u00a024VAC\/DC<\/a><\/span><\/strong><\/p>\n<p><strong><span style=\"color: #800000;\"><a style=\"color: #800000;\" href=\"https:\/\/kiour.com\/datasheets\/MIC-VA 420mA 12VACDC_gr &amp; eng.pdf\" target=\"_blank\" rel=\"noopener noreferrer\">TECHNICAL DATASHEET MIC-VA\u00a04\u00f720mA\u00a012VAC\/DC<\/a><\/span><\/strong><\/p>\n","protected":false},"featured_media":18589,"template":"","meta":[],"product_brand":[],"product_cat":[90],"product_tag":[671,673,672,464,466,465,635],"class_list":{"0":"post-16185","1":"product","2":"type-product","3":"status-publish","4":"has-post-thumbnail","6":"product_cat-marine-applications","7":"product_tag-2-relays-250vac-10a","8":"product_tag-accepts-an-input-signal-420ma-and-corresponds-it-to-0760-units","9":"product_tag-converter-420ma-to-0760-units","10":"product_tag-cooling-heating-function","11":"product_tag-dead-area-control","12":"product_tag-levels-supervision","13":"product_tag-pid-or-on-off","15":"first","16":"instock","17":"shipping-taxable","18":"product-type-simple"},"yoast_head":"<!-- This site is optimized with the Yoast SEO plugin v26.5 - https:\/\/yoast.com\/wordpress\/plugins\/seo\/ -->\n<title>MIC-VA - CONVERTER 4\u00f720mA to 0\u00f7760 UNITS - KIOUR<\/title>\n<meta name=\"robots\" content=\"index, follow, max-snippet:-1, max-image-preview:large, max-video-preview:-1\" \/>\n<link rel=\"canonical\" href=\"https:\/\/kiour.com\/en\/products\/marine-applications\/mic-va-4-20ma\/\" \/>\n<meta property=\"og:locale\" content=\"en_US\" \/>\n<meta property=\"og:type\" content=\"article\" \/>\n<meta property=\"og:title\" content=\"MIC-VA - CONVERTER 4\u00f720mA to 0\u00f7760 UNITS - KIOUR\" \/>\n<meta property=\"og:description\" content=\"MIC-VA CONVERTER 4\u00f720mA to 0\u00f7760 UNITS \u2022 Accepts an input signal 4\u00f720mA and corresponds it to\u00a00\u00f7760 units  \u2022 Cooling-heating function, levels supervision,\u00a0dead area control, PID or ON\/OFF  \u2022 2 relays 250VAC 10A,\u00a0the second relay operates only in ON\/OFF situation  \u2022 Dimensions 28x70x75mm  \u2022 Device is mounted on a panel hole with dimensions 29x71mm  \u2022 Connection with\u00a0pluggable terminal blocks  \u2022 Power supply 230VAC or 24VAC\/DC or 12VAC\/DC \u00b1 10% 50\/60Hz 3W  \u2022 IP\u00a0protection rating: IP65 front side  &nbsp;  TECHNICAL DATASHEET MIC-VA\u00a04\u00f720mA 230VAC  TECHNICAL DATASHEET MIC-VA\u00a04\u00f720mA\u00a024VAC\/DC  TECHNICAL DATASHEET MIC-VA\u00a04\u00f720mA\u00a012VAC\/DC\" \/>\n<meta property=\"og:url\" content=\"https:\/\/kiour.com\/en\/products\/marine-applications\/mic-va-4-20ma\/\" \/>\n<meta property=\"og:site_name\" content=\"KIOUR\" \/>\n<meta property=\"article:publisher\" content=\"https:\/\/www.facebook.com\/profile.php?id=100054511747680\" \/>\n<meta property=\"article:modified_time\" content=\"2021-06-29T11:47:01+00:00\" \/>\n<meta property=\"og:image\" content=\"https:\/\/kiour.com\/wp-content\/uploads\/2020\/06\/CONVERTER-4\u00f720ma-SE-0\u00f7760-MONADES-MIC-VA.jpg\" \/>\n\t<meta property=\"og:image:width\" content=\"800\" \/>\n\t<meta property=\"og:image:height\" content=\"600\" \/>\n\t<meta property=\"og:image:type\" content=\"image\/jpeg\" \/>\n<meta name=\"twitter:card\" content=\"summary_large_image\" \/>\n<script type=\"application\/ld+json\" class=\"yoast-schema-graph\">{\"@context\":\"https:\/\/schema.org\",\"@graph\":[{\"@type\":\"WebPage\",\"@id\":\"https:\/\/kiour.com\/en\/products\/marine-applications\/mic-va-4-20ma\/\",\"url\":\"https:\/\/kiour.com\/en\/products\/marine-applications\/mic-va-4-20ma\/\",\"name\":\"MIC-VA - CONVERTER 4\u00f720mA to 0\u00f7760 UNITS - KIOUR\",\"isPartOf\":{\"@id\":\"https:\/\/kiour.com\/#website\"},\"primaryImageOfPage\":{\"@id\":\"https:\/\/kiour.com\/en\/products\/marine-applications\/mic-va-4-20ma\/#primaryimage\"},\"image\":{\"@id\":\"https:\/\/kiour.com\/en\/products\/marine-applications\/mic-va-4-20ma\/#primaryimage\"},\"thumbnailUrl\":\"https:\/\/kiour.com\/wp-content\/uploads\/2020\/06\/CONVERTER-4\u00f720ma-SE-0\u00f7760-MONADES-MIC-VA.jpg\",\"datePublished\":\"2017-01-04T13:50:05+00:00\",\"dateModified\":\"2021-06-29T11:47:01+00:00\",\"breadcrumb\":{\"@id\":\"https:\/\/kiour.com\/en\/products\/marine-applications\/mic-va-4-20ma\/#breadcrumb\"},\"inLanguage\":\"en-US\",\"potentialAction\":[{\"@type\":\"ReadAction\",\"target\":[\"https:\/\/kiour.com\/en\/products\/marine-applications\/mic-va-4-20ma\/\"]}]},{\"@type\":\"ImageObject\",\"inLanguage\":\"en-US\",\"@id\":\"https:\/\/kiour.com\/en\/products\/marine-applications\/mic-va-4-20ma\/#primaryimage\",\"url\":\"https:\/\/kiour.com\/wp-content\/uploads\/2020\/06\/CONVERTER-4\u00f720ma-SE-0\u00f7760-MONADES-MIC-VA.jpg\",\"contentUrl\":\"https:\/\/kiour.com\/wp-content\/uploads\/2020\/06\/CONVERTER-4\u00f720ma-SE-0\u00f7760-MONADES-MIC-VA.jpg\",\"width\":800,\"height\":600,\"caption\":\"CONVERTER 4\u00f720ma SE 0\u00f7760 MONADES MIC-VA\"},{\"@type\":\"BreadcrumbList\",\"@id\":\"https:\/\/kiour.com\/en\/products\/marine-applications\/mic-va-4-20ma\/#breadcrumb\",\"itemListElement\":[{\"@type\":\"ListItem\",\"position\":1,\"name\":\"Home\",\"item\":\"https:\/\/kiour.com\/en\/\"},{\"@type\":\"ListItem\",\"position\":2,\"name\":\"Products\",\"item\":\"https:\/\/kiour.com\/en\/products\/\"},{\"@type\":\"ListItem\",\"position\":3,\"name\":\"MIC-VA &#8211; CONVERTER 4\u00f720mA to 0\u00f7760 UNITS\"}]},{\"@type\":\"WebSite\",\"@id\":\"https:\/\/kiour.com\/#website\",\"url\":\"https:\/\/kiour.com\/\",\"name\":\"KIOUR\",\"description\":\"\u0399ndustrial and Marine Electronic Instruments and Control Systems\",\"publisher\":{\"@id\":\"https:\/\/kiour.com\/#organization\"},\"potentialAction\":[{\"@type\":\"SearchAction\",\"target\":{\"@type\":\"EntryPoint\",\"urlTemplate\":\"https:\/\/kiour.com\/?s={search_term_string}\"},\"query-input\":{\"@type\":\"PropertyValueSpecification\",\"valueRequired\":true,\"valueName\":\"search_term_string\"}}],\"inLanguage\":\"en-US\"},{\"@type\":\"Organization\",\"@id\":\"https:\/\/kiour.com\/#organization\",\"name\":\"KIOUR\",\"url\":\"https:\/\/kiour.com\/\",\"logo\":{\"@type\":\"ImageObject\",\"inLanguage\":\"en-US\",\"@id\":\"https:\/\/kiour.com\/#\/schema\/logo\/image\/\",\"url\":\"https:\/\/kiour.com\/wp-content\/uploads\/2017\/09\/kiour_nlogo.png\",\"contentUrl\":\"https:\/\/kiour.com\/wp-content\/uploads\/2017\/09\/kiour_nlogo.png\",\"width\":500,\"height\":107,\"caption\":\"KIOUR\"},\"image\":{\"@id\":\"https:\/\/kiour.com\/#\/schema\/logo\/image\/\"},\"sameAs\":[\"https:\/\/www.facebook.com\/profile.php?id=100054511747680\"]}]}<\/script>\n<!-- \/ Yoast SEO plugin. -->","yoast_head_json":{"title":"MIC-VA - CONVERTER 4\u00f720mA to 0\u00f7760 UNITS - KIOUR","robots":{"index":"index","follow":"follow","max-snippet":"max-snippet:-1","max-image-preview":"max-image-preview:large","max-video-preview":"max-video-preview:-1"},"canonical":"https:\/\/kiour.com\/en\/products\/marine-applications\/mic-va-4-20ma\/","og_locale":"en_US","og_type":"article","og_title":"MIC-VA - CONVERTER 4\u00f720mA to 0\u00f7760 UNITS - KIOUR","og_description":"MIC-VA CONVERTER 4\u00f720mA to 0\u00f7760 UNITS \u2022 Accepts an input signal 4\u00f720mA and corresponds it to\u00a00\u00f7760 units  \u2022 Cooling-heating function, levels supervision,\u00a0dead area control, PID or ON\/OFF  \u2022 2 relays 250VAC 10A,\u00a0the second relay operates only in ON\/OFF situation  \u2022 Dimensions 28x70x75mm  \u2022 Device is mounted on a panel hole with dimensions 29x71mm  \u2022 Connection with\u00a0pluggable terminal blocks  \u2022 Power supply 230VAC or 24VAC\/DC or 12VAC\/DC \u00b1 10% 50\/60Hz 3W  \u2022 IP\u00a0protection rating: IP65 front side  &nbsp;  TECHNICAL DATASHEET MIC-VA\u00a04\u00f720mA 230VAC  TECHNICAL DATASHEET MIC-VA\u00a04\u00f720mA\u00a024VAC\/DC  TECHNICAL DATASHEET MIC-VA\u00a04\u00f720mA\u00a012VAC\/DC","og_url":"https:\/\/kiour.com\/en\/products\/marine-applications\/mic-va-4-20ma\/","og_site_name":"KIOUR","article_publisher":"https:\/\/www.facebook.com\/profile.php?id=100054511747680","article_modified_time":"2021-06-29T11:47:01+00:00","og_image":[{"width":800,"height":600,"url":"https:\/\/kiour.com\/wp-content\/uploads\/2020\/06\/CONVERTER-4\u00f720ma-SE-0\u00f7760-MONADES-MIC-VA.jpg","type":"image\/jpeg"}],"twitter_card":"summary_large_image","schema":{"@context":"https:\/\/schema.org","@graph":[{"@type":"WebPage","@id":"https:\/\/kiour.com\/en\/products\/marine-applications\/mic-va-4-20ma\/","url":"https:\/\/kiour.com\/en\/products\/marine-applications\/mic-va-4-20ma\/","name":"MIC-VA - CONVERTER 4\u00f720mA to 0\u00f7760 UNITS - KIOUR","isPartOf":{"@id":"https:\/\/kiour.com\/#website"},"primaryImageOfPage":{"@id":"https:\/\/kiour.com\/en\/products\/marine-applications\/mic-va-4-20ma\/#primaryimage"},"image":{"@id":"https:\/\/kiour.com\/en\/products\/marine-applications\/mic-va-4-20ma\/#primaryimage"},"thumbnailUrl":"https:\/\/kiour.com\/wp-content\/uploads\/2020\/06\/CONVERTER-4\u00f720ma-SE-0\u00f7760-MONADES-MIC-VA.jpg","datePublished":"2017-01-04T13:50:05+00:00","dateModified":"2021-06-29T11:47:01+00:00","breadcrumb":{"@id":"https:\/\/kiour.com\/en\/products\/marine-applications\/mic-va-4-20ma\/#breadcrumb"},"inLanguage":"en-US","potentialAction":[{"@type":"ReadAction","target":["https:\/\/kiour.com\/en\/products\/marine-applications\/mic-va-4-20ma\/"]}]},{"@type":"ImageObject","inLanguage":"en-US","@id":"https:\/\/kiour.com\/en\/products\/marine-applications\/mic-va-4-20ma\/#primaryimage","url":"https:\/\/kiour.com\/wp-content\/uploads\/2020\/06\/CONVERTER-4\u00f720ma-SE-0\u00f7760-MONADES-MIC-VA.jpg","contentUrl":"https:\/\/kiour.com\/wp-content\/uploads\/2020\/06\/CONVERTER-4\u00f720ma-SE-0\u00f7760-MONADES-MIC-VA.jpg","width":800,"height":600,"caption":"CONVERTER 4\u00f720ma SE 0\u00f7760 MONADES MIC-VA"},{"@type":"BreadcrumbList","@id":"https:\/\/kiour.com\/en\/products\/marine-applications\/mic-va-4-20ma\/#breadcrumb","itemListElement":[{"@type":"ListItem","position":1,"name":"Home","item":"https:\/\/kiour.com\/en\/"},{"@type":"ListItem","position":2,"name":"Products","item":"https:\/\/kiour.com\/en\/products\/"},{"@type":"ListItem","position":3,"name":"MIC-VA &#8211; CONVERTER 4\u00f720mA to 0\u00f7760 UNITS"}]},{"@type":"WebSite","@id":"https:\/\/kiour.com\/#website","url":"https:\/\/kiour.com\/","name":"KIOUR","description":"\u0399ndustrial and Marine Electronic Instruments and Control Systems","publisher":{"@id":"https:\/\/kiour.com\/#organization"},"potentialAction":[{"@type":"SearchAction","target":{"@type":"EntryPoint","urlTemplate":"https:\/\/kiour.com\/?s={search_term_string}"},"query-input":{"@type":"PropertyValueSpecification","valueRequired":true,"valueName":"search_term_string"}}],"inLanguage":"en-US"},{"@type":"Organization","@id":"https:\/\/kiour.com\/#organization","name":"KIOUR","url":"https:\/\/kiour.com\/","logo":{"@type":"ImageObject","inLanguage":"en-US","@id":"https:\/\/kiour.com\/#\/schema\/logo\/image\/","url":"https:\/\/kiour.com\/wp-content\/uploads\/2017\/09\/kiour_nlogo.png","contentUrl":"https:\/\/kiour.com\/wp-content\/uploads\/2017\/09\/kiour_nlogo.png","width":500,"height":107,"caption":"KIOUR"},"image":{"@id":"https:\/\/kiour.com\/#\/schema\/logo\/image\/"},"sameAs":["https:\/\/www.facebook.com\/profile.php?id=100054511747680"]}]}},"_links":{"self":[{"href":"https:\/\/kiour.com\/en\/wp-json\/wp\/v2\/product\/16185","targetHints":{"allow":["GET"]}}],"collection":[{"href":"https:\/\/kiour.com\/en\/wp-json\/wp\/v2\/product"}],"about":[{"href":"https:\/\/kiour.com\/en\/wp-json\/wp\/v2\/types\/product"}],"wp:featuredmedia":[{"embeddable":true,"href":"https:\/\/kiour.com\/en\/wp-json\/wp\/v2\/media\/18589"}],"wp:attachment":[{"href":"https:\/\/kiour.com\/en\/wp-json\/wp\/v2\/media?parent=16185"}],"wp:term":[{"taxonomy":"product_brand","embeddable":true,"href":"https:\/\/kiour.com\/en\/wp-json\/wp\/v2\/product_brand?post=16185"},{"taxonomy":"product_cat","embeddable":true,"href":"https:\/\/kiour.com\/en\/wp-json\/wp\/v2\/product_cat?post=16185"},{"taxonomy":"product_tag","embeddable":true,"href":"https:\/\/kiour.com\/en\/wp-json\/wp\/v2\/product_tag?post=16185"}],"curies":[{"name":"wp","href":"https:\/\/api.w.org\/{rel}","templated":true}]}}