{"id":19807,"date":"2024-04-06T17:54:58","date_gmt":"2024-04-06T14:54:58","guid":{"rendered":"https:\/\/kiour.com\/?post_type=product&#038;p=19807"},"modified":"2025-03-26T11:38:16","modified_gmt":"2025-03-26T09:38:16","slug":"vd2f-cooling-heating-temperature-controller-2","status":"publish","type":"product","link":"https:\/\/kiour.com\/en\/products\/refrigeration-controllers-air-conditioning\/panel-refrigeration-controllers\/vd2f-cooling-heating-temperature-controller-2\/","title":{"rendered":"VD2FX &#8211; COOLING\/HEATING TEMPERATURE CONTROLLER"},"content":{"rendered":"","protected":false},"excerpt":{"rendered":"<h4><strong><span style=\"color: #003366; font-size: 95%;\">VD2FX &#8211; <\/span><\/strong><strong><span style=\"color: #003366; font-size: 95%;\">COOLING \/ HEATING TEMPERATURE CONTROLLER\u00a0<\/span><\/strong><\/h4>\n<p>\u2022 Cooling or Heating function (bain marie)<\/p>\n<p>\u2022 NTC\/PTC temperature Sensor (NTC\u00a0 -50\u00f7110\u00b0C and PTC\u00a0 -50\u00f7150\u00b0C)<\/p>\n<p>\u2022 One relay 250VAC 30A 2HP<\/p>\n<p>\u2022 One relay 250VAC 10A <strong>auxiliary\u00a0<\/strong>(fan, lamp, alarm)<\/p>\n<p>\u2022 3 indication digits of temperature display with an accuracy of 0.5\u00b0C and 4 buttons<\/p>\n<p>\u2022 Automatic and manual defrost\u00a0function<\/p>\n<p>\u2022 Alarm buzzer \/ Serial input with 5pin connector \/ Digital input door<\/p>\n<p>\u2022 High-Low temperature alarm of room and door control<\/p>\n<p>\u2022 ON\/OFF Device button<\/p>\n<p>\u2022 Serial input with 5pin connector for connection to the cloud and the CORTEX platform for monitoring &#8211; recording and managing the thermostat from your mobile, tablet or any computer<\/p>\n<p>\u2022 Dimensions 28\u00d770\u00d775mm, mounted on a panel hole 29\u00d771 mm<\/p>\n<p>\u2022 Connection with pluggable terminal blocks \/ Maximum power consumption: 3W<\/p>\n<p>\u2022 Power Supply 230VAC \u00b1 10% 50\/60Hz ( <strong>type c<\/strong>: the common is connected internally to 230V \/<strong> type s<\/strong>: <em>the common is on the air to put what the user wants e.g. 24V, 12V<\/em>)<\/p>\n<p>\u2022 IP protection rating:IP65 front side<\/p>\n<p><strong><span style=\"color: #800000;\"><a style=\"color: #800000;\" href=\"https:\/\/kiour.com\/wp-content\/uploads\/2025\/03\/VD2FX_V5.0.6_eng.pdf\" target=\"_blank\" rel=\"noopener\">TECHNICAL DATASHEET VD2FX<\/a><\/span><\/strong><\/p>\n","protected":false},"featured_media":19827,"template":"","meta":[],"product_brand":[],"product_cat":[105,911],"product_tag":[338,1000,1001,1002,1003,1005,1006,1007,1008,946],"class_list":{"0":"post-19807","1":"product","2":"type-product","3":"status-publish","4":"has-post-thumbnail","6":"product_cat-refrigeration-controllers-air-conditioning","7":"product_cat-panel-refrigeration-controllers","8":"product_tag-heating-controller","9":"product_tag----bain-marie-en","10":"product_tag---en","15":"product_tag----2--en","16":"product_tag------en","17":"product_tag--auxiliary-en","19":"first","20":"instock","21":"shipping-taxable","22":"product-type-simple"},"yoast_head":"<!-- This site is optimized with the Yoast SEO plugin v26.5 - https:\/\/yoast.com\/wordpress\/plugins\/seo\/ -->\n<title>VD2FX - COOLING\/HEATING TEMPERATURE CONTROLLER - KIOUR<\/title>\n<meta name=\"robots\" content=\"index, follow, max-snippet:-1, max-image-preview:large, max-video-preview:-1\" \/>\n<link rel=\"canonical\" href=\"https:\/\/kiour.com\/en\/products\/refrigeration-controllers-air-conditioning\/panel-refrigeration-controllers\/vd2f-cooling-heating-temperature-controller-2\/\" \/>\n<meta property=\"og:locale\" content=\"en_US\" \/>\n<meta property=\"og:type\" content=\"article\" \/>\n<meta property=\"og:title\" content=\"VD2FX - COOLING\/HEATING TEMPERATURE CONTROLLER - KIOUR\" \/>\n<meta property=\"og:description\" content=\"VD2FX - COOLING \/ HEATING TEMPERATURE CONTROLLER\u00a0 \u2022 Cooling or Heating function (bain marie)  \u2022 NTC\/PTC temperature Sensor (NTC\u00a0 -50\u00f7110\u00b0C and PTC\u00a0 -50\u00f7150\u00b0C)  \u2022 One relay 250VAC 30A 2HP  \u2022 One relay 250VAC 10A auxiliary\u00a0(fan, lamp, alarm)  \u2022 3 indication digits of temperature display with an accuracy of 0.5\u00b0C and 4 buttons  \u2022 Automatic and manual defrost\u00a0function  \u2022 Alarm buzzer \/ Serial input with 5pin connector \/ Digital input door  \u2022 High-Low temperature alarm of room and door control  \u2022 ON\/OFF Device button  \u2022 Serial input with 5pin connector for connection to the cloud and the CORTEX platform for monitoring - recording and managing the thermostat from your mobile, tablet or any computer  \u2022 Dimensions 28\u00d770\u00d775mm, mounted on a panel hole 29\u00d771 mm  \u2022 Connection with pluggable terminal blocks \/ Maximum power consumption: 3W  \u2022 Power Supply 230VAC \u00b1 10% 50\/60Hz ( type c: the common is connected internally to 230V \/ type s: the common is on the air to put what the user wants e.g. 24V, 12V)  \u2022 IP protection rating:IP65 front side  TECHNICAL DATASHEET VD2FX\" \/>\n<meta property=\"og:url\" content=\"https:\/\/kiour.com\/en\/products\/refrigeration-controllers-air-conditioning\/panel-refrigeration-controllers\/vd2f-cooling-heating-temperature-controller-2\/\" \/>\n<meta property=\"og:site_name\" content=\"KIOUR\" \/>\n<meta property=\"article:publisher\" content=\"https:\/\/www.facebook.com\/profile.php?id=100054511747680\" \/>\n<meta property=\"article:modified_time\" content=\"2025-03-26T09:38:16+00:00\" \/>\n<meta property=\"og:image\" content=\"https:\/\/kiour.com\/wp-content\/uploads\/2024\/04\/\u0398\u0395\u03a1\u039c\u039f\u03a3\u03a4\u0391\u03a4\u0397\u03a3-\u03a8\u03a5\u039e\u0397\u03a3-\u0398\u0395\u03a1\u039c\u0391\u039d\u03a3\u0397\u03a3-VD2F.jpg\" \/>\n\t<meta property=\"og:image:width\" content=\"800\" \/>\n\t<meta property=\"og:image:height\" content=\"600\" \/>\n\t<meta property=\"og:image:type\" content=\"image\/jpeg\" \/>\n<meta name=\"twitter:card\" content=\"summary_large_image\" \/>\n<meta name=\"twitter:label1\" content=\"Est. reading time\" \/>\n\t<meta name=\"twitter:data1\" content=\"1 minute\" \/>\n<script type=\"application\/ld+json\" class=\"yoast-schema-graph\">{\"@context\":\"https:\/\/schema.org\",\"@graph\":[{\"@type\":\"WebPage\",\"@id\":\"https:\/\/kiour.com\/en\/products\/refrigeration-controllers-air-conditioning\/panel-refrigeration-controllers\/vd2f-cooling-heating-temperature-controller-2\/\",\"url\":\"https:\/\/kiour.com\/en\/products\/refrigeration-controllers-air-conditioning\/panel-refrigeration-controllers\/vd2f-cooling-heating-temperature-controller-2\/\",\"name\":\"VD2FX - COOLING\/HEATING TEMPERATURE CONTROLLER - KIOUR\",\"isPartOf\":{\"@id\":\"https:\/\/kiour.com\/#website\"},\"primaryImageOfPage\":{\"@id\":\"https:\/\/kiour.com\/en\/products\/refrigeration-controllers-air-conditioning\/panel-refrigeration-controllers\/vd2f-cooling-heating-temperature-controller-2\/#primaryimage\"},\"image\":{\"@id\":\"https:\/\/kiour.com\/en\/products\/refrigeration-controllers-air-conditioning\/panel-refrigeration-controllers\/vd2f-cooling-heating-temperature-controller-2\/#primaryimage\"},\"thumbnailUrl\":\"https:\/\/kiour.com\/wp-content\/uploads\/2024\/04\/\u0398\u0395\u03a1\u039c\u039f\u03a3\u03a4\u0391\u03a4\u0397\u03a3-\u03a8\u03a5\u039e\u0397\u03a3-\u0398\u0395\u03a1\u039c\u0391\u039d\u03a3\u0397\u03a3-VD2F.jpg\",\"datePublished\":\"2024-04-06T14:54:58+00:00\",\"dateModified\":\"2025-03-26T09:38:16+00:00\",\"breadcrumb\":{\"@id\":\"https:\/\/kiour.com\/en\/products\/refrigeration-controllers-air-conditioning\/panel-refrigeration-controllers\/vd2f-cooling-heating-temperature-controller-2\/#breadcrumb\"},\"inLanguage\":\"en-US\",\"potentialAction\":[{\"@type\":\"ReadAction\",\"target\":[\"https:\/\/kiour.com\/en\/products\/refrigeration-controllers-air-conditioning\/panel-refrigeration-controllers\/vd2f-cooling-heating-temperature-controller-2\/\"]}]},{\"@type\":\"ImageObject\",\"inLanguage\":\"en-US\",\"@id\":\"https:\/\/kiour.com\/en\/products\/refrigeration-controllers-air-conditioning\/panel-refrigeration-controllers\/vd2f-cooling-heating-temperature-controller-2\/#primaryimage\",\"url\":\"https:\/\/kiour.com\/wp-content\/uploads\/2024\/04\/\u0398\u0395\u03a1\u039c\u039f\u03a3\u03a4\u0391\u03a4\u0397\u03a3-\u03a8\u03a5\u039e\u0397\u03a3-\u0398\u0395\u03a1\u039c\u0391\u039d\u03a3\u0397\u03a3-VD2F.jpg\",\"contentUrl\":\"https:\/\/kiour.com\/wp-content\/uploads\/2024\/04\/\u0398\u0395\u03a1\u039c\u039f\u03a3\u03a4\u0391\u03a4\u0397\u03a3-\u03a8\u03a5\u039e\u0397\u03a3-\u0398\u0395\u03a1\u039c\u0391\u039d\u03a3\u0397\u03a3-VD2F.jpg\",\"width\":800,\"height\":600},{\"@type\":\"BreadcrumbList\",\"@id\":\"https:\/\/kiour.com\/en\/products\/refrigeration-controllers-air-conditioning\/panel-refrigeration-controllers\/vd2f-cooling-heating-temperature-controller-2\/#breadcrumb\",\"itemListElement\":[{\"@type\":\"ListItem\",\"position\":1,\"name\":\"Home\",\"item\":\"https:\/\/kiour.com\/en\/\"},{\"@type\":\"ListItem\",\"position\":2,\"name\":\"Products\",\"item\":\"https:\/\/kiour.com\/en\/products\/\"},{\"@type\":\"ListItem\",\"position\":3,\"name\":\"VD2FX &#8211; COOLING\/HEATING TEMPERATURE CONTROLLER\"}]},{\"@type\":\"WebSite\",\"@id\":\"https:\/\/kiour.com\/#website\",\"url\":\"https:\/\/kiour.com\/\",\"name\":\"KIOUR\",\"description\":\"\u0399ndustrial and Marine Electronic Instruments and Control Systems\",\"publisher\":{\"@id\":\"https:\/\/kiour.com\/#organization\"},\"potentialAction\":[{\"@type\":\"SearchAction\",\"target\":{\"@type\":\"EntryPoint\",\"urlTemplate\":\"https:\/\/kiour.com\/?s={search_term_string}\"},\"query-input\":{\"@type\":\"PropertyValueSpecification\",\"valueRequired\":true,\"valueName\":\"search_term_string\"}}],\"inLanguage\":\"en-US\"},{\"@type\":\"Organization\",\"@id\":\"https:\/\/kiour.com\/#organization\",\"name\":\"KIOUR\",\"url\":\"https:\/\/kiour.com\/\",\"logo\":{\"@type\":\"ImageObject\",\"inLanguage\":\"en-US\",\"@id\":\"https:\/\/kiour.com\/#\/schema\/logo\/image\/\",\"url\":\"https:\/\/kiour.com\/wp-content\/uploads\/2017\/09\/kiour_nlogo.png\",\"contentUrl\":\"https:\/\/kiour.com\/wp-content\/uploads\/2017\/09\/kiour_nlogo.png\",\"width\":500,\"height\":107,\"caption\":\"KIOUR\"},\"image\":{\"@id\":\"https:\/\/kiour.com\/#\/schema\/logo\/image\/\"},\"sameAs\":[\"https:\/\/www.facebook.com\/profile.php?id=100054511747680\"]}]}<\/script>\n<!-- \/ Yoast SEO plugin. -->","yoast_head_json":{"title":"VD2FX - COOLING\/HEATING TEMPERATURE CONTROLLER - KIOUR","robots":{"index":"index","follow":"follow","max-snippet":"max-snippet:-1","max-image-preview":"max-image-preview:large","max-video-preview":"max-video-preview:-1"},"canonical":"https:\/\/kiour.com\/en\/products\/refrigeration-controllers-air-conditioning\/panel-refrigeration-controllers\/vd2f-cooling-heating-temperature-controller-2\/","og_locale":"en_US","og_type":"article","og_title":"VD2FX - COOLING\/HEATING TEMPERATURE CONTROLLER - KIOUR","og_description":"VD2FX - COOLING \/ HEATING TEMPERATURE CONTROLLER\u00a0 \u2022 Cooling or Heating function (bain marie)  \u2022 NTC\/PTC temperature Sensor (NTC\u00a0 -50\u00f7110\u00b0C and PTC\u00a0 -50\u00f7150\u00b0C)  \u2022 One relay 250VAC 30A 2HP  \u2022 One relay 250VAC 10A auxiliary\u00a0(fan, lamp, alarm)  \u2022 3 indication digits of temperature display with an accuracy of 0.5\u00b0C and 4 buttons  \u2022 Automatic and manual defrost\u00a0function  \u2022 Alarm buzzer \/ Serial input with 5pin connector \/ Digital input door  \u2022 High-Low temperature alarm of room and door control  \u2022 ON\/OFF Device button  \u2022 Serial input with 5pin connector for connection to the cloud and the CORTEX platform for monitoring - recording and managing the thermostat from your mobile, tablet or any computer  \u2022 Dimensions 28\u00d770\u00d775mm, mounted on a panel hole 29\u00d771 mm  \u2022 Connection with pluggable terminal blocks \/ Maximum power consumption: 3W  \u2022 Power Supply 230VAC \u00b1 10% 50\/60Hz ( type c: the common is connected internally to 230V \/ type s: the common is on the air to put what the user wants e.g. 24V, 12V)  \u2022 IP protection rating:IP65 front side  TECHNICAL DATASHEET VD2FX","og_url":"https:\/\/kiour.com\/en\/products\/refrigeration-controllers-air-conditioning\/panel-refrigeration-controllers\/vd2f-cooling-heating-temperature-controller-2\/","og_site_name":"KIOUR","article_publisher":"https:\/\/www.facebook.com\/profile.php?id=100054511747680","article_modified_time":"2025-03-26T09:38:16+00:00","og_image":[{"width":800,"height":600,"url":"https:\/\/kiour.com\/wp-content\/uploads\/2024\/04\/\u0398\u0395\u03a1\u039c\u039f\u03a3\u03a4\u0391\u03a4\u0397\u03a3-\u03a8\u03a5\u039e\u0397\u03a3-\u0398\u0395\u03a1\u039c\u0391\u039d\u03a3\u0397\u03a3-VD2F.jpg","type":"image\/jpeg"}],"twitter_card":"summary_large_image","twitter_misc":{"Est. reading time":"1 minute"},"schema":{"@context":"https:\/\/schema.org","@graph":[{"@type":"WebPage","@id":"https:\/\/kiour.com\/en\/products\/refrigeration-controllers-air-conditioning\/panel-refrigeration-controllers\/vd2f-cooling-heating-temperature-controller-2\/","url":"https:\/\/kiour.com\/en\/products\/refrigeration-controllers-air-conditioning\/panel-refrigeration-controllers\/vd2f-cooling-heating-temperature-controller-2\/","name":"VD2FX - COOLING\/HEATING TEMPERATURE CONTROLLER - KIOUR","isPartOf":{"@id":"https:\/\/kiour.com\/#website"},"primaryImageOfPage":{"@id":"https:\/\/kiour.com\/en\/products\/refrigeration-controllers-air-conditioning\/panel-refrigeration-controllers\/vd2f-cooling-heating-temperature-controller-2\/#primaryimage"},"image":{"@id":"https:\/\/kiour.com\/en\/products\/refrigeration-controllers-air-conditioning\/panel-refrigeration-controllers\/vd2f-cooling-heating-temperature-controller-2\/#primaryimage"},"thumbnailUrl":"https:\/\/kiour.com\/wp-content\/uploads\/2024\/04\/\u0398\u0395\u03a1\u039c\u039f\u03a3\u03a4\u0391\u03a4\u0397\u03a3-\u03a8\u03a5\u039e\u0397\u03a3-\u0398\u0395\u03a1\u039c\u0391\u039d\u03a3\u0397\u03a3-VD2F.jpg","datePublished":"2024-04-06T14:54:58+00:00","dateModified":"2025-03-26T09:38:16+00:00","breadcrumb":{"@id":"https:\/\/kiour.com\/en\/products\/refrigeration-controllers-air-conditioning\/panel-refrigeration-controllers\/vd2f-cooling-heating-temperature-controller-2\/#breadcrumb"},"inLanguage":"en-US","potentialAction":[{"@type":"ReadAction","target":["https:\/\/kiour.com\/en\/products\/refrigeration-controllers-air-conditioning\/panel-refrigeration-controllers\/vd2f-cooling-heating-temperature-controller-2\/"]}]},{"@type":"ImageObject","inLanguage":"en-US","@id":"https:\/\/kiour.com\/en\/products\/refrigeration-controllers-air-conditioning\/panel-refrigeration-controllers\/vd2f-cooling-heating-temperature-controller-2\/#primaryimage","url":"https:\/\/kiour.com\/wp-content\/uploads\/2024\/04\/\u0398\u0395\u03a1\u039c\u039f\u03a3\u03a4\u0391\u03a4\u0397\u03a3-\u03a8\u03a5\u039e\u0397\u03a3-\u0398\u0395\u03a1\u039c\u0391\u039d\u03a3\u0397\u03a3-VD2F.jpg","contentUrl":"https:\/\/kiour.com\/wp-content\/uploads\/2024\/04\/\u0398\u0395\u03a1\u039c\u039f\u03a3\u03a4\u0391\u03a4\u0397\u03a3-\u03a8\u03a5\u039e\u0397\u03a3-\u0398\u0395\u03a1\u039c\u0391\u039d\u03a3\u0397\u03a3-VD2F.jpg","width":800,"height":600},{"@type":"BreadcrumbList","@id":"https:\/\/kiour.com\/en\/products\/refrigeration-controllers-air-conditioning\/panel-refrigeration-controllers\/vd2f-cooling-heating-temperature-controller-2\/#breadcrumb","itemListElement":[{"@type":"ListItem","position":1,"name":"Home","item":"https:\/\/kiour.com\/en\/"},{"@type":"ListItem","position":2,"name":"Products","item":"https:\/\/kiour.com\/en\/products\/"},{"@type":"ListItem","position":3,"name":"VD2FX &#8211; COOLING\/HEATING TEMPERATURE CONTROLLER"}]},{"@type":"WebSite","@id":"https:\/\/kiour.com\/#website","url":"https:\/\/kiour.com\/","name":"KIOUR","description":"\u0399ndustrial and Marine Electronic Instruments and Control Systems","publisher":{"@id":"https:\/\/kiour.com\/#organization"},"potentialAction":[{"@type":"SearchAction","target":{"@type":"EntryPoint","urlTemplate":"https:\/\/kiour.com\/?s={search_term_string}"},"query-input":{"@type":"PropertyValueSpecification","valueRequired":true,"valueName":"search_term_string"}}],"inLanguage":"en-US"},{"@type":"Organization","@id":"https:\/\/kiour.com\/#organization","name":"KIOUR","url":"https:\/\/kiour.com\/","logo":{"@type":"ImageObject","inLanguage":"en-US","@id":"https:\/\/kiour.com\/#\/schema\/logo\/image\/","url":"https:\/\/kiour.com\/wp-content\/uploads\/2017\/09\/kiour_nlogo.png","contentUrl":"https:\/\/kiour.com\/wp-content\/uploads\/2017\/09\/kiour_nlogo.png","width":500,"height":107,"caption":"KIOUR"},"image":{"@id":"https:\/\/kiour.com\/#\/schema\/logo\/image\/"},"sameAs":["https:\/\/www.facebook.com\/profile.php?id=100054511747680"]}]}},"_links":{"self":[{"href":"https:\/\/kiour.com\/en\/wp-json\/wp\/v2\/product\/19807","targetHints":{"allow":["GET"]}}],"collection":[{"href":"https:\/\/kiour.com\/en\/wp-json\/wp\/v2\/product"}],"about":[{"href":"https:\/\/kiour.com\/en\/wp-json\/wp\/v2\/types\/product"}],"wp:featuredmedia":[{"embeddable":true,"href":"https:\/\/kiour.com\/en\/wp-json\/wp\/v2\/media\/19827"}],"wp:attachment":[{"href":"https:\/\/kiour.com\/en\/wp-json\/wp\/v2\/media?parent=19807"}],"wp:term":[{"taxonomy":"product_brand","embeddable":true,"href":"https:\/\/kiour.com\/en\/wp-json\/wp\/v2\/product_brand?post=19807"},{"taxonomy":"product_cat","embeddable":true,"href":"https:\/\/kiour.com\/en\/wp-json\/wp\/v2\/product_cat?post=19807"},{"taxonomy":"product_tag","embeddable":true,"href":"https:\/\/kiour.com\/en\/wp-json\/wp\/v2\/product_tag?post=19807"}],"curies":[{"name":"wp","href":"https:\/\/api.w.org\/{rel}","templated":true}]}}