{"id":19948,"date":"2024-05-12T18:04:56","date_gmt":"2024-05-12T15:04:55","guid":{"rendered":"https:\/\/kiour.com\/?post_type=product&#038;p=19948"},"modified":"2024-09-27T16:12:32","modified_gmt":"2024-09-27T13:12:32","slug":"vd1r-cooling-heating-temperature-controller","status":"publish","type":"product","link":"https:\/\/kiour.com\/en\/products\/refrigeration-controllers-air-conditioning\/%cf%89-rail\/vd1r-cooling-heating-temperature-controller\/","title":{"rendered":"VD1R &#8211; COOLING\/HEATING TEMPERATURE CONTROLLER"},"content":{"rendered":"","protected":false},"excerpt":{"rendered":"<h3><strong><span style=\"color: #003366; font-size: 95%;\">VD1R- <\/span><\/strong><strong><span style=\"color: #003366; font-size: 95%;\">COOLING \/ HEATING TEMPERATURE CONTROLLER\u00a0<\/span><\/strong><\/h3>\n<p>\u2022 Cooling or Heating function as well as food drying applications (eg sausages)<\/p>\n<p>\u2022 Relay 250 VAC 30A 2HP<\/p>\n<p>\u2022 NTC\/PTC temperature Sensor (NTC\u00a0 -37\u00f7110\u00b0C \u03ba\u03b1\u03b9 PTC\u00a0 -50\u00f7110\u00b0C)<\/p>\n<p>\u2022 Alarm buzzer \/ Serial input with 5pin connector \/ Digital input door<\/p>\n<p>\u2022 Automatic and manual defrost\u00a0function<\/p>\n<p>\u2022 High-Low temperature alarm of room and door control<\/p>\n<p>\u2022 ON\/OFF Device button \/ Accuracy 0.5\u02daC<\/p>\n<p>\u2022 Dimensions 28\u00d770\u00d775mm, mounted on a panel hole 29\u00d771 mm<\/p>\n<p>\u2022 Connection with pluggable terminal blocks<\/p>\n<p>\u2022 Power Supply 230VAC \u00b1 10% 50\/60Hz \/ Maximum power consumption: 3W<\/p>\n<p>\u2022 IP protection rating:IP65 front side<\/p>\n<p>\u2022 Connection to the cloud and the CORTEX platform for monitoring &#8211; recording and managing the thermostat from your mobile, tablet or any computer<\/p>\n<p><a href=\"https:\/\/kiour.com\/wp-content\/uploads\/2024\/05\/VD1R_V4.0_eng.pdf\"><span style=\"color: #b80404;\">TECHNICAL DATASHEET VD1R<\/span><\/a><\/p>\n","protected":false},"featured_media":18601,"template":"","meta":[],"product_brand":[],"product_cat":[105,912],"product_tag":[506,999,1005,1006,845,432,728],"class_list":{"0":"post-19948","1":"product","2":"type-product","3":"status-publish","4":"has-post-thumbnail","6":"product_cat-refrigeration-controllers-air-conditioning","7":"product_cat--rail","8":"product_tag-heating-controller-en","9":"product_tag------en","10":"product_tag---en","12":"product_tag--en","16":"first","17":"instock","18":"shipping-taxable","19":"product-type-simple"},"yoast_head":"<!-- This site is optimized with the Yoast SEO plugin v26.5 - https:\/\/yoast.com\/wordpress\/plugins\/seo\/ -->\n<title>VD1R - COOLING\/HEATING TEMPERATURE CONTROLLER - KIOUR<\/title>\n<meta name=\"robots\" content=\"index, follow, max-snippet:-1, max-image-preview:large, max-video-preview:-1\" \/>\n<link rel=\"canonical\" href=\"https:\/\/kiour.com\/en\/products\/refrigeration-controllers-air-conditioning\/\u03c9-rail\/vd1r-cooling-heating-temperature-controller\/\" \/>\n<meta property=\"og:locale\" content=\"en_US\" \/>\n<meta property=\"og:type\" content=\"article\" \/>\n<meta property=\"og:title\" content=\"VD1R - COOLING\/HEATING TEMPERATURE CONTROLLER - KIOUR\" \/>\n<meta property=\"og:description\" content=\"VD1R- COOLING \/ HEATING TEMPERATURE CONTROLLER\u00a0 \u2022 Cooling or Heating function as well as food drying applications (eg sausages)  \u2022 Relay 250 VAC 30A 2HP  \u2022 NTC\/PTC temperature Sensor (NTC\u00a0 -37\u00f7110\u00b0C \u03ba\u03b1\u03b9 PTC\u00a0 -50\u00f7110\u00b0C)  \u2022 Alarm buzzer \/ Serial input with 5pin connector \/ Digital input door  \u2022 Automatic and manual defrost\u00a0function  \u2022 High-Low temperature alarm of room and door control  \u2022 ON\/OFF Device button \/ Accuracy 0.5\u02daC  \u2022 Dimensions 28\u00d770\u00d775mm, mounted on a panel hole 29\u00d771 mm  \u2022 Connection with pluggable terminal blocks  \u2022 Power Supply 230VAC \u00b1 10% 50\/60Hz \/ Maximum power consumption: 3W  \u2022 IP protection rating:IP65 front side  \u2022 Connection to the cloud and the CORTEX platform for monitoring - recording and managing the thermostat from your mobile, tablet or any computer  TECHNICAL DATASHEET VD1R\" \/>\n<meta property=\"og:url\" content=\"https:\/\/kiour.com\/en\/products\/refrigeration-controllers-air-conditioning\/\u03c9-rail\/vd1r-cooling-heating-temperature-controller\/\" \/>\n<meta property=\"og:site_name\" content=\"KIOUR\" \/>\n<meta property=\"article:publisher\" content=\"https:\/\/www.facebook.com\/profile.php?id=100054511747680\" \/>\n<meta property=\"article:modified_time\" content=\"2024-09-27T13:12:32+00:00\" \/>\n<meta property=\"og:image\" content=\"https:\/\/kiour.com\/wp-content\/uploads\/2020\/06\/THERMOSTATIS-ASFALEIAS-PSYKSIS-THERMANSIS-RC2.jpg\" \/>\n\t<meta property=\"og:image:width\" content=\"800\" \/>\n\t<meta property=\"og:image:height\" content=\"600\" \/>\n\t<meta property=\"og:image:type\" content=\"image\/jpeg\" \/>\n<meta name=\"twitter:card\" content=\"summary_large_image\" \/>\n<meta name=\"twitter:label1\" content=\"Est. reading time\" \/>\n\t<meta name=\"twitter:data1\" content=\"1 minute\" \/>\n<script type=\"application\/ld+json\" class=\"yoast-schema-graph\">{\"@context\":\"https:\/\/schema.org\",\"@graph\":[{\"@type\":\"WebPage\",\"@id\":\"https:\/\/kiour.com\/en\/products\/refrigeration-controllers-air-conditioning\/%cf%89-rail\/vd1r-cooling-heating-temperature-controller\/\",\"url\":\"https:\/\/kiour.com\/en\/products\/refrigeration-controllers-air-conditioning\/%cf%89-rail\/vd1r-cooling-heating-temperature-controller\/\",\"name\":\"VD1R - COOLING\/HEATING TEMPERATURE CONTROLLER - KIOUR\",\"isPartOf\":{\"@id\":\"https:\/\/kiour.com\/#website\"},\"primaryImageOfPage\":{\"@id\":\"https:\/\/kiour.com\/en\/products\/refrigeration-controllers-air-conditioning\/%cf%89-rail\/vd1r-cooling-heating-temperature-controller\/#primaryimage\"},\"image\":{\"@id\":\"https:\/\/kiour.com\/en\/products\/refrigeration-controllers-air-conditioning\/%cf%89-rail\/vd1r-cooling-heating-temperature-controller\/#primaryimage\"},\"thumbnailUrl\":\"https:\/\/kiour.com\/wp-content\/uploads\/2020\/06\/THERMOSTATIS-ASFALEIAS-PSYKSIS-THERMANSIS-RC2.jpg\",\"datePublished\":\"2024-05-12T15:04:55+00:00\",\"dateModified\":\"2024-09-27T13:12:32+00:00\",\"breadcrumb\":{\"@id\":\"https:\/\/kiour.com\/en\/products\/refrigeration-controllers-air-conditioning\/%cf%89-rail\/vd1r-cooling-heating-temperature-controller\/#breadcrumb\"},\"inLanguage\":\"en-US\",\"potentialAction\":[{\"@type\":\"ReadAction\",\"target\":[\"https:\/\/kiour.com\/en\/products\/refrigeration-controllers-air-conditioning\/%cf%89-rail\/vd1r-cooling-heating-temperature-controller\/\"]}]},{\"@type\":\"ImageObject\",\"inLanguage\":\"en-US\",\"@id\":\"https:\/\/kiour.com\/en\/products\/refrigeration-controllers-air-conditioning\/%cf%89-rail\/vd1r-cooling-heating-temperature-controller\/#primaryimage\",\"url\":\"https:\/\/kiour.com\/wp-content\/uploads\/2020\/06\/THERMOSTATIS-ASFALEIAS-PSYKSIS-THERMANSIS-RC2.jpg\",\"contentUrl\":\"https:\/\/kiour.com\/wp-content\/uploads\/2020\/06\/THERMOSTATIS-ASFALEIAS-PSYKSIS-THERMANSIS-RC2.jpg\",\"width\":800,\"height\":600,\"caption\":\"THERMOSTATIS-ASFALEIAS---PSYKSIS---THERMANSIS-RC2\"},{\"@type\":\"BreadcrumbList\",\"@id\":\"https:\/\/kiour.com\/en\/products\/refrigeration-controllers-air-conditioning\/%cf%89-rail\/vd1r-cooling-heating-temperature-controller\/#breadcrumb\",\"itemListElement\":[{\"@type\":\"ListItem\",\"position\":1,\"name\":\"Home\",\"item\":\"https:\/\/kiour.com\/en\/\"},{\"@type\":\"ListItem\",\"position\":2,\"name\":\"Products\",\"item\":\"https:\/\/kiour.com\/en\/products\/\"},{\"@type\":\"ListItem\",\"position\":3,\"name\":\"VD1R &#8211; COOLING\/HEATING TEMPERATURE CONTROLLER\"}]},{\"@type\":\"WebSite\",\"@id\":\"https:\/\/kiour.com\/#website\",\"url\":\"https:\/\/kiour.com\/\",\"name\":\"KIOUR\",\"description\":\"\u0399ndustrial and Marine Electronic Instruments and Control Systems\",\"publisher\":{\"@id\":\"https:\/\/kiour.com\/#organization\"},\"potentialAction\":[{\"@type\":\"SearchAction\",\"target\":{\"@type\":\"EntryPoint\",\"urlTemplate\":\"https:\/\/kiour.com\/?s={search_term_string}\"},\"query-input\":{\"@type\":\"PropertyValueSpecification\",\"valueRequired\":true,\"valueName\":\"search_term_string\"}}],\"inLanguage\":\"en-US\"},{\"@type\":\"Organization\",\"@id\":\"https:\/\/kiour.com\/#organization\",\"name\":\"KIOUR\",\"url\":\"https:\/\/kiour.com\/\",\"logo\":{\"@type\":\"ImageObject\",\"inLanguage\":\"en-US\",\"@id\":\"https:\/\/kiour.com\/#\/schema\/logo\/image\/\",\"url\":\"https:\/\/kiour.com\/wp-content\/uploads\/2017\/09\/kiour_nlogo.png\",\"contentUrl\":\"https:\/\/kiour.com\/wp-content\/uploads\/2017\/09\/kiour_nlogo.png\",\"width\":500,\"height\":107,\"caption\":\"KIOUR\"},\"image\":{\"@id\":\"https:\/\/kiour.com\/#\/schema\/logo\/image\/\"},\"sameAs\":[\"https:\/\/www.facebook.com\/profile.php?id=100054511747680\"]}]}<\/script>\n<!-- \/ Yoast SEO plugin. -->","yoast_head_json":{"title":"VD1R - COOLING\/HEATING TEMPERATURE CONTROLLER - KIOUR","robots":{"index":"index","follow":"follow","max-snippet":"max-snippet:-1","max-image-preview":"max-image-preview:large","max-video-preview":"max-video-preview:-1"},"canonical":"https:\/\/kiour.com\/en\/products\/refrigeration-controllers-air-conditioning\/\u03c9-rail\/vd1r-cooling-heating-temperature-controller\/","og_locale":"en_US","og_type":"article","og_title":"VD1R - COOLING\/HEATING TEMPERATURE CONTROLLER - KIOUR","og_description":"VD1R- COOLING \/ HEATING TEMPERATURE CONTROLLER\u00a0 \u2022 Cooling or Heating function as well as food drying applications (eg sausages)  \u2022 Relay 250 VAC 30A 2HP  \u2022 NTC\/PTC temperature Sensor (NTC\u00a0 -37\u00f7110\u00b0C \u03ba\u03b1\u03b9 PTC\u00a0 -50\u00f7110\u00b0C)  \u2022 Alarm buzzer \/ Serial input with 5pin connector \/ Digital input door  \u2022 Automatic and manual defrost\u00a0function  \u2022 High-Low temperature alarm of room and door control  \u2022 ON\/OFF Device button \/ Accuracy 0.5\u02daC  \u2022 Dimensions 28\u00d770\u00d775mm, mounted on a panel hole 29\u00d771 mm  \u2022 Connection with pluggable terminal blocks  \u2022 Power Supply 230VAC \u00b1 10% 50\/60Hz \/ Maximum power consumption: 3W  \u2022 IP protection rating:IP65 front side  \u2022 Connection to the cloud and the CORTEX platform for monitoring - recording and managing the thermostat from your mobile, tablet or any computer  TECHNICAL DATASHEET VD1R","og_url":"https:\/\/kiour.com\/en\/products\/refrigeration-controllers-air-conditioning\/\u03c9-rail\/vd1r-cooling-heating-temperature-controller\/","og_site_name":"KIOUR","article_publisher":"https:\/\/www.facebook.com\/profile.php?id=100054511747680","article_modified_time":"2024-09-27T13:12:32+00:00","og_image":[{"width":800,"height":600,"url":"https:\/\/kiour.com\/wp-content\/uploads\/2020\/06\/THERMOSTATIS-ASFALEIAS-PSYKSIS-THERMANSIS-RC2.jpg","type":"image\/jpeg"}],"twitter_card":"summary_large_image","twitter_misc":{"Est. reading time":"1 minute"},"schema":{"@context":"https:\/\/schema.org","@graph":[{"@type":"WebPage","@id":"https:\/\/kiour.com\/en\/products\/refrigeration-controllers-air-conditioning\/%cf%89-rail\/vd1r-cooling-heating-temperature-controller\/","url":"https:\/\/kiour.com\/en\/products\/refrigeration-controllers-air-conditioning\/%cf%89-rail\/vd1r-cooling-heating-temperature-controller\/","name":"VD1R - COOLING\/HEATING TEMPERATURE CONTROLLER - KIOUR","isPartOf":{"@id":"https:\/\/kiour.com\/#website"},"primaryImageOfPage":{"@id":"https:\/\/kiour.com\/en\/products\/refrigeration-controllers-air-conditioning\/%cf%89-rail\/vd1r-cooling-heating-temperature-controller\/#primaryimage"},"image":{"@id":"https:\/\/kiour.com\/en\/products\/refrigeration-controllers-air-conditioning\/%cf%89-rail\/vd1r-cooling-heating-temperature-controller\/#primaryimage"},"thumbnailUrl":"https:\/\/kiour.com\/wp-content\/uploads\/2020\/06\/THERMOSTATIS-ASFALEIAS-PSYKSIS-THERMANSIS-RC2.jpg","datePublished":"2024-05-12T15:04:55+00:00","dateModified":"2024-09-27T13:12:32+00:00","breadcrumb":{"@id":"https:\/\/kiour.com\/en\/products\/refrigeration-controllers-air-conditioning\/%cf%89-rail\/vd1r-cooling-heating-temperature-controller\/#breadcrumb"},"inLanguage":"en-US","potentialAction":[{"@type":"ReadAction","target":["https:\/\/kiour.com\/en\/products\/refrigeration-controllers-air-conditioning\/%cf%89-rail\/vd1r-cooling-heating-temperature-controller\/"]}]},{"@type":"ImageObject","inLanguage":"en-US","@id":"https:\/\/kiour.com\/en\/products\/refrigeration-controllers-air-conditioning\/%cf%89-rail\/vd1r-cooling-heating-temperature-controller\/#primaryimage","url":"https:\/\/kiour.com\/wp-content\/uploads\/2020\/06\/THERMOSTATIS-ASFALEIAS-PSYKSIS-THERMANSIS-RC2.jpg","contentUrl":"https:\/\/kiour.com\/wp-content\/uploads\/2020\/06\/THERMOSTATIS-ASFALEIAS-PSYKSIS-THERMANSIS-RC2.jpg","width":800,"height":600,"caption":"THERMOSTATIS-ASFALEIAS---PSYKSIS---THERMANSIS-RC2"},{"@type":"BreadcrumbList","@id":"https:\/\/kiour.com\/en\/products\/refrigeration-controllers-air-conditioning\/%cf%89-rail\/vd1r-cooling-heating-temperature-controller\/#breadcrumb","itemListElement":[{"@type":"ListItem","position":1,"name":"Home","item":"https:\/\/kiour.com\/en\/"},{"@type":"ListItem","position":2,"name":"Products","item":"https:\/\/kiour.com\/en\/products\/"},{"@type":"ListItem","position":3,"name":"VD1R &#8211; COOLING\/HEATING TEMPERATURE CONTROLLER"}]},{"@type":"WebSite","@id":"https:\/\/kiour.com\/#website","url":"https:\/\/kiour.com\/","name":"KIOUR","description":"\u0399ndustrial and Marine Electronic Instruments and Control Systems","publisher":{"@id":"https:\/\/kiour.com\/#organization"},"potentialAction":[{"@type":"SearchAction","target":{"@type":"EntryPoint","urlTemplate":"https:\/\/kiour.com\/?s={search_term_string}"},"query-input":{"@type":"PropertyValueSpecification","valueRequired":true,"valueName":"search_term_string"}}],"inLanguage":"en-US"},{"@type":"Organization","@id":"https:\/\/kiour.com\/#organization","name":"KIOUR","url":"https:\/\/kiour.com\/","logo":{"@type":"ImageObject","inLanguage":"en-US","@id":"https:\/\/kiour.com\/#\/schema\/logo\/image\/","url":"https:\/\/kiour.com\/wp-content\/uploads\/2017\/09\/kiour_nlogo.png","contentUrl":"https:\/\/kiour.com\/wp-content\/uploads\/2017\/09\/kiour_nlogo.png","width":500,"height":107,"caption":"KIOUR"},"image":{"@id":"https:\/\/kiour.com\/#\/schema\/logo\/image\/"},"sameAs":["https:\/\/www.facebook.com\/profile.php?id=100054511747680"]}]}},"_links":{"self":[{"href":"https:\/\/kiour.com\/en\/wp-json\/wp\/v2\/product\/19948","targetHints":{"allow":["GET"]}}],"collection":[{"href":"https:\/\/kiour.com\/en\/wp-json\/wp\/v2\/product"}],"about":[{"href":"https:\/\/kiour.com\/en\/wp-json\/wp\/v2\/types\/product"}],"wp:featuredmedia":[{"embeddable":true,"href":"https:\/\/kiour.com\/en\/wp-json\/wp\/v2\/media\/18601"}],"wp:attachment":[{"href":"https:\/\/kiour.com\/en\/wp-json\/wp\/v2\/media?parent=19948"}],"wp:term":[{"taxonomy":"product_brand","embeddable":true,"href":"https:\/\/kiour.com\/en\/wp-json\/wp\/v2\/product_brand?post=19948"},{"taxonomy":"product_cat","embeddable":true,"href":"https:\/\/kiour.com\/en\/wp-json\/wp\/v2\/product_cat?post=19948"},{"taxonomy":"product_tag","embeddable":true,"href":"https:\/\/kiour.com\/en\/wp-json\/wp\/v2\/product_tag?post=19948"}],"curies":[{"name":"wp","href":"https:\/\/api.w.org\/{rel}","templated":true}]}}